{"id":2657,"date":"2022-04-04T11:36:17","date_gmt":"2022-04-04T09:36:17","guid":{"rendered":"http:\/\/www.vanoo30.nl\/techniek\/"},"modified":"2022-10-06T14:35:46","modified_gmt":"2022-10-06T12:35:46","slug":"teknik","status":"publish","type":"page","link":"https:\/\/www.iomabe.eu\/sv\/teknik\/","title":{"rendered":"teknik"},"content":{"rendered":"<p>[vc_row rt_row_background_width=&#8221;fullwidth&#8221; rt_row_content_width=&#8221;fullwidth&#8221; rt_row_style=&#8221;default-style&#8221; rt_row_height=&#8221;&#8221; rt_column_placement=&#8221;middle&#8221; rt_column_gaps=&#8221;&#8221; rt_row_shadows=&#8221;&#8221; rt_row_borders=&#8221;&#8221; rt_bg_effect=&#8221;classic&#8221; rt_bg_image_repeat=&#8221;repeat&#8221; rt_bg_size=&#8221;cover&#8221; rt_bg_position=&#8221;right top&#8221; rt_bg_attachment=&#8221;scroll&#8221; rt_bg_layer=&#8221;&#8221; rt_bg_video_format=&#8221;self-hosted&#8221; rt_class=&#8221;rt-3313150&#8243; rt_paddings=&#8221;0,0,,&#8221; rt_margins=&#8221;,,,&#8221; rt_content_margins=&#8221;,,,&#8221; rt_tablet_paddings=&#8221;,,,&#8221; rt_tablet_margins=&#8221;,,,&#8221; rt_tablet_content_margins=&#8221;,,,&#8221; rt_sp_paddings=&#8221;,,,&#8221; rt_sp_margins=&#8221;,,,&#8221; rt_sp_content_margins=&#8221;,,,&#8221; class=&#8221;home-blok&#8221;][vc_column width=&#8221;1\/2&#8243; rt_bg_effect=&#8221;classic&#8221; rt_bg_image=&#8221;155&#8243; rt_bg_image_repeat=&#8221;no-repeat&#8221; rt_bg_size=&#8221;cover&#8221; rt_bg_position=&#8221;center center&#8221; rt_bg_attachment=&#8221;scroll&#8221; rt_class=&#8221;rt-4984713&#8243; rt_margins=&#8221;,&#8221; rt_paddings=&#8221;,,,&#8221; rt_wrapper_paddings=&#8221;,,,&#8221; rt_tablet_margins=&#8221;,&#8221; rt_tablet_paddings=&#8221;,,,&#8221; rt_tablet_wrapper_paddings=&#8221;,,,&#8221; rt_sp_margins=&#8221;,&#8221; rt_sp_paddings=&#8221;,,,&#8221; rt_sp_wrapper_paddings=&#8221;,,,&#8221; rt_bg_color=&#8221;&#8221; rt_bg_overlay_color=&#8221;&#8221; class=&#8221;blok-image&#8221; rt_min_height=&#8221;450px&#8221;][\/vc_column][vc_column width=&#8221;1\/2&#8243; rt_bg_effect=&#8221;classic&#8221; rt_bg_image=&#8221;162&#8243; rt_bg_image_repeat=&#8221;no-repeat&#8221; rt_bg_size=&#8221;auto auto&#8221; rt_bg_position=&#8221;right center&#8221; rt_bg_attachment=&#8221;scroll&#8221; rt_class=&#8221;rt-1195663&#8243; rt_margins=&#8221;,&#8221; rt_paddings=&#8221;150,150,100,150&#8243; rt_wrapper_paddings=&#8221;,,,&#8221; rt_tablet_margins=&#8221;,&#8221; rt_tablet_paddings=&#8221;25,0,20,35&#8243; rt_tablet_wrapper_paddings=&#8221;,,,&#8221; rt_sp_margins=&#8221;,&#8221; rt_sp_paddings=&#8221;25,0,20,35&#8243; rt_sp_wrapper_paddings=&#8221;,,,&#8221; rt_bg_color=&#8221;&#8221; rt_bg_overlay_color=&#8221;&#8221; class=&#8221;blok-tekst&#8221;][vc_column_text]<\/p>\n<h1>S\u00e5 l\u00e5gt som -30\u00b0C med <span style=\"color: #da163e;\">pre-chill. No frost<\/span> OCH <span style=\"color: #da163e;\">frostguard <\/span> teknologi.<\/h1>\n<p>[\/vc_column_text][vc_separator style=&#8221;style-1&#8243; color_type=&#8221;custom&#8221; rt_class=&#8221;rt-7636485&#8243; color=&#8221;#da163e&#8221; margins=&#8221;0,,,&#8221;][vc_column_text]Ingen annan frostventilerande kylning garanterar homogena temperaturer som till\u00e5ter dig att f\u00f6rvara din mat b\u00e4ttre och frysa ner den mer effektivt.<\/p>\n<p>FrostGuard teknologin g\u00f6r den automatiska avrfrostningen mer bekv\u00e4m.<\/p>\n<p>Ditt kylsk\u00e5p kommer endast att avfrostas n\u00e4r det \u00e4r n\u00f6dv\u00e4ndigt baserat p\u00e5 precisa m\u00e5tt (baserat p\u00e5 antalet g\u00e5nger kylsk\u00e5psd\u00f6rren har \u00f6ppnats, tid som kompressorn har varit ig\u00e5ng etc.)<\/p>\n<p>FrostGuard f\u00f6rhindrar ocks\u00e5 fryst mat fr\u00e5n att delvis avfrostas under avfrostningperioden, genom att utf\u00f6ra extra kylning s\u00e5 l\u00e5gt som till -30\u00b0C (Pre-Chill) precis f\u00f6re avfrostningen samt h\u00e5ller avfrostningsperioden v\u00e4ldigt kort. Detta har en betydande roll f\u00f6r att reducera risken f\u00f6r att frysvarorna ska tinas upp. Denna teknologin g\u00f6r att mat kan f\u00f6rvaras l\u00e4ngre och b\u00e4ttre och du beh\u00f6ver inte avfrosta frysen manuellt.[\/vc_column_text][vc_single_image image=&#8221;2659&#8243; img_size=&#8221;full&#8221; alignment=&#8221;center&#8221;][\/vc_column][\/vc_row][vc_row rt_row_background_width=&#8221;fullwidth&#8221; rt_row_content_width=&#8221;fullwidth&#8221; rt_row_style=&#8221;default-style&#8221; rt_row_height=&#8221;&#8221; rt_column_placement=&#8221;middle&#8221; rt_column_gaps=&#8221;&#8221; rt_row_shadows=&#8221;&#8221; rt_row_borders=&#8221;&#8221; rt_bg_effect=&#8221;classic&#8221; rt_bg_image_repeat=&#8221;repeat&#8221; rt_bg_size=&#8221;cover&#8221; rt_bg_position=&#8221;right top&#8221; rt_bg_attachment=&#8221;scroll&#8221; rt_bg_layer=&#8221;&#8221; rt_bg_video_format=&#8221;self-hosted&#8221; rt_class=&#8221;rt-3534739&#8243; rt_paddings=&#8221;0,0,,&#8221; rt_margins=&#8221;,,,&#8221; rt_content_margins=&#8221;,,,&#8221; rt_tablet_paddings=&#8221;,,,&#8221; rt_tablet_margins=&#8221;,,,&#8221; rt_tablet_content_margins=&#8221;,,,&#8221; rt_sp_paddings=&#8221;,,,&#8221; rt_sp_margins=&#8221;,,,&#8221; rt_sp_content_margins=&#8221;,,,&#8221; class=&#8221;home-blok&#8221;][vc_column width=&#8221;1\/2&#8243; rt_bg_effect=&#8221;classic&#8221; rt_bg_image=&#8221;161&#8243; rt_bg_image_repeat=&#8221;no-repeat&#8221; rt_bg_size=&#8221;auto auto&#8221; rt_bg_position=&#8221;left center&#8221; rt_bg_attachment=&#8221;scroll&#8221; rt_class=&#8221;rt-8823870&#8243; rt_margins=&#8221;,&#8221; rt_paddings=&#8221;150,150,100,150&#8243; rt_wrapper_paddings=&#8221;,,,&#8221; rt_tablet_margins=&#8221;,&#8221; rt_tablet_paddings=&#8221;25,0,35,20&#8243; rt_tablet_wrapper_paddings=&#8221;,,,&#8221; rt_sp_margins=&#8221;,&#8221; rt_sp_paddings=&#8221;25,0,35,20&#8243; rt_sp_wrapper_paddings=&#8221;,,,&#8221; rt_bg_color=&#8221;&#8221; rt_bg_overlay_color=&#8221;&#8221; class=&#8221;blok-tekst&#8221;][vc_column_text]<\/p>\n<h1>H\u00e5ll din mat fr\u00e4sch l\u00e4ngre. <span style=\"color: #b2d404;\">Climatekeeper &amp; climatguard<\/span> teknologi<\/h1>\n<p>[\/vc_column_text][vc_separator style=&#8221;style-1&#8243; color_type=&#8221;custom&#8221; rt_class=&#8221;rt-6014744&#8243; color=&#8221;#b2d404&#8243; margins=&#8221;0,,,&#8221;][vc_column_text]F\u00f6r att h\u00e5lla din mat fr\u00e4sch s\u00e5 l\u00e4nge som m\u00f6jligt, ser dessa teknologier till att h\u00e5lla en j\u00e4mn och exakt temperatur i varje kylsk\u00e5psfack.<\/p>\n<p>Detta uppn\u00e5s genom att k\u00e4nsliga elektroniska sensorer, en lufttunnel \u00f6ver olika niv\u00e5er och fl\u00e4ktar \u00e4r kopplade till den mest avancerade elektroniken. Detta f\u00f6rb\u00e4ttrar kvalit\u00e9n och lagringstiden p\u00e5 din mat avsev\u00e4rt.<\/p>\n<p>Med de elektroniska kontrollerna kan du sj\u00e4lvst\u00e4ndigt \u00f6vervaka kyl- och frystemperaturerna, vilket medf\u00f6r att temperaturskillnaderna blir mindre och maten f\u00f6rblir fr\u00e4schare och kan lagras l\u00e4ngre.<\/p>\n<p>N\u00e4r du st\u00e4nger kylsk\u00e5psd\u00f6rren eller frysen, tar det endast ett par minuter att \u00e5terg\u00e5 till de f\u00f6rprogrammerade temperaturerna (3\u00b0C och \u2013 18\u00b0C).<\/p>\n<p>Den snabba frystemperaturen s\u00e4kerst\u00e4ller att din mat \u00e4r fryst till k\u00e4rnan.[\/vc_column_text][vc_single_image image=&#8221;2665&#8243; img_size=&#8221;full&#8221; alignment=&#8221;center&#8221;][\/vc_column][vc_column width=&#8221;1\/2&#8243; rt_bg_effect=&#8221;classic&#8221; rt_bg_image=&#8221;156&#8243; rt_bg_image_repeat=&#8221;no-repeat&#8221; rt_bg_size=&#8221;cover&#8221; rt_bg_position=&#8221;center center&#8221; rt_bg_attachment=&#8221;scroll&#8221; rt_class=&#8221;rt-3772808&#8243; rt_margins=&#8221;,&#8221; rt_paddings=&#8221;,,,&#8221; rt_wrapper_paddings=&#8221;,,,&#8221; rt_tablet_margins=&#8221;,&#8221; rt_tablet_paddings=&#8221;,,,&#8221; rt_tablet_wrapper_paddings=&#8221;,,,&#8221; rt_sp_margins=&#8221;,&#8221; rt_sp_paddings=&#8221;,,,&#8221; rt_sp_wrapper_paddings=&#8221;,,,&#8221; rt_bg_color=&#8221;&#8221; rt_bg_overlay_color=&#8221;&#8221; class=&#8221;blok-image&#8221; rt_min_height=&#8221;450px&#8221;][\/vc_column][\/vc_row][vc_row rt_row_background_width=&#8221;fullwidth&#8221; rt_row_content_width=&#8221;fullwidth&#8221; rt_row_style=&#8221;default-style&#8221; rt_row_height=&#8221;&#8221; rt_column_placement=&#8221;middle&#8221; rt_column_gaps=&#8221;&#8221; rt_row_shadows=&#8221;&#8221; rt_row_borders=&#8221;&#8221; rt_bg_effect=&#8221;classic&#8221; rt_bg_image_repeat=&#8221;no-repeat&#8221; rt_bg_size=&#8221;cover&#8221; rt_bg_position=&#8221;left center&#8221; rt_bg_attachment=&#8221;scroll&#8221; rt_bg_layer=&#8221;&#8221; rt_bg_video_format=&#8221;self-hosted&#8221; rt_class=&#8221;rt-6830432&#8243; rt_paddings=&#8221;0,0,,&#8221; rt_margins=&#8221;,,,&#8221; rt_content_margins=&#8221;,,,&#8221; rt_tablet_paddings=&#8221;,,,&#8221; rt_tablet_margins=&#8221;,,,&#8221; rt_tablet_content_margins=&#8221;,,,&#8221; rt_sp_paddings=&#8221;,,,&#8221; rt_sp_margins=&#8221;,,,&#8221; rt_sp_content_margins=&#8221;,,,&#8221; class=&#8221;home-blok&#8221;][vc_column width=&#8221;1\/2&#8243; rt_bg_effect=&#8221;classic&#8221; rt_bg_image=&#8221;157&#8243; rt_bg_image_repeat=&#8221;no-repeat&#8221; rt_bg_size=&#8221;cover&#8221; rt_bg_position=&#8221;center center&#8221; rt_bg_attachment=&#8221;scroll&#8221; rt_class=&#8221;rt-7038410&#8243; rt_margins=&#8221;,&#8221; rt_paddings=&#8221;,,,&#8221; rt_wrapper_paddings=&#8221;,,,&#8221; rt_tablet_margins=&#8221;,&#8221; rt_tablet_paddings=&#8221;,,,&#8221; rt_tablet_wrapper_paddings=&#8221;,,,&#8221; rt_sp_margins=&#8221;,&#8221; rt_sp_paddings=&#8221;,,,&#8221; rt_sp_wrapper_paddings=&#8221;,,,&#8221; rt_bg_color=&#8221;&#8221; rt_bg_overlay_color=&#8221;&#8221; class=&#8221;blok-image&#8221; rt_min_height=&#8221;450px&#8221;][\/vc_column][vc_column width=&#8221;1\/2&#8243; rt_bg_effect=&#8221;classic&#8221; rt_bg_image=&#8221;148&#8243; rt_bg_image_repeat=&#8221;no-repeat&#8221; rt_bg_size=&#8221;auto auto&#8221; rt_bg_position=&#8221;right center&#8221; rt_bg_attachment=&#8221;scroll&#8221; rt_class=&#8221;rt-9902804&#8243; rt_margins=&#8221;,&#8221; rt_paddings=&#8221;150,150,100,150&#8243; rt_wrapper_paddings=&#8221;,,,&#8221; rt_tablet_margins=&#8221;,&#8221; rt_tablet_paddings=&#8221;25,0,20,35&#8243; rt_tablet_wrapper_paddings=&#8221;,,,&#8221; rt_sp_margins=&#8221;,&#8221; rt_sp_paddings=&#8221;25,0,20,35&#8243; rt_sp_wrapper_paddings=&#8221;,,,&#8221; rt_bg_color=&#8221;&#8221; rt_bg_overlay_color=&#8221;&#8221; class=&#8221;blok-tekst&#8221;][vc_column_text]<\/p>\n<h1><span style=\"color: #000000;\"><span style=\"color: #da163e;\"><span style=\"color: #f47a26;\">ENERGI<\/span><span style=\"color: #000000;\">SMART<\/span><\/span><\/span><\/h1>\n<p>[\/vc_column_text][vc_separator style=&#8221;style-1&#8243; color_type=&#8221;custom&#8221; rt_class=&#8221;rt-6103400&#8243; color=&#8221;#f47a26&#8243; margins=&#8221;0,,,&#8221;][vc_column_text]F\u00f6rb\u00e4ttrade funktioner, s\u00e5 som elektroniska sensorer och FrostGuard g\u00f6r att Iomabe side-by-side har en mycket bra energikonsumtion. En Iomabe sparar mycket energi om man j\u00e4mf\u00f6r med produkter fr\u00e5n tidigare generationer.<\/p>\n<p>Tack vare denna teknologi utf\u00f6r dessa amerikanska kylsk\u00e5p ett exceptionellt jobb i sin energiklass utan att p\u00e5verka kvalit\u00e9n av kylning, frysning och utrymme.<\/p>\n<p>Hela Iomabe side-by-side sortiment har energiklass A+.[\/vc_column_text][vc_single_image image=&#8221;1713&#8243; img_size=&#8221;medium&#8221; alignment=&#8221;center&#8221;][\/vc_column][\/vc_row][vc_row rt_row_background_width=&#8221;fullwidth&#8221; rt_row_content_width=&#8221;default&#8221; rt_row_style=&#8221;default-style&#8221; rt_row_height=&#8221;&#8221; rt_column_gaps=&#8221;&#8221; rt_row_shadows=&#8221;&#8221; rt_row_borders=&#8221;&#8221; rt_bg_effect=&#8221;classic&#8221; rt_bg_image_repeat=&#8221;repeat&#8221; rt_bg_size=&#8221;cover&#8221; rt_bg_position=&#8221;right top&#8221; rt_bg_attachment=&#8221;scroll&#8221; rt_bg_layer=&#8221;&#8221; rt_bg_video_format=&#8221;self-hosted&#8221; rt_class=&#8221;rt-2834124&#8243; class=&#8221;vc_hidden-xs&#8221; rt_paddings=&#8221;50,50,,&#8221; rt_margins=&#8221;,,,&#8221; rt_content_margins=&#8221;,,,&#8221; rt_tablet_paddings=&#8221;,,,&#8221; rt_tablet_margins=&#8221;,,,&#8221; rt_tablet_content_margins=&#8221;,,,&#8221; rt_sp_paddings=&#8221;,,,&#8221; rt_sp_margins=&#8221;,,,&#8221; rt_sp_content_margins=&#8221;,,,&#8221; rt_bg_color=&#8221;#ffffff&#8221; rt_vc_seperator_1=&#8221;&#8221; rt_vc_seperator_2=&#8221;&#8221; rt_vc_seperator_3=&#8221;&#8221;][vc_column rt_bg_effect=&#8221;classic&#8221; rt_bg_image_repeat=&#8221;repeat&#8221; rt_bg_size=&#8221;auto auto&#8221; rt_bg_position=&#8221;right top&#8221; rt_bg_attachment=&#8221;scroll&#8221; offset=&#8221;vc_hidden-xs&#8221; rt_class=&#8221;rt-3684730&#8243; rt_margins=&#8221;,&#8221; rt_paddings=&#8221;,,,&#8221; rt_wrapper_paddings=&#8221;,,,&#8221; rt_tablet_margins=&#8221;,&#8221; rt_tablet_paddings=&#8221;,,,&#8221; rt_tablet_wrapper_paddings=&#8221;,,,&#8221; rt_sp_margins=&#8221;,&#8221; rt_sp_paddings=&#8221;,,,&#8221; rt_sp_wrapper_paddings=&#8221;,,,&#8221; rt_bg_color=&#8221;&#8221; rt_bg_overlay_color=&#8221;&#8221;]<div class=\"rt-heading-wrapper text-center rt-6072288\">\n\t\t\t\t\t\t<h1 class=\"rt-heading\" >FUNKTIONER<\/h1>\n\t\t\t\t\t<\/div>[vc_column_text]<\/p>\n<p style=\"text-align: center;\"><strong>iomabe GLOBAL-serie side-by-side kylsk\u00e5p erbjuder ett antal h\u00f6gkvalitativa basfunktioner. DE LUXE- och EXKLUSIV-serierna erbjuder fler funktioner och alternativ. p\u00e5 denna sida f:orklarar vi vad de olika funktionerna \u00e4r och i tabellen p\u00e5 f\u00f6ljande sida visas vilka serier som erbjurder de olika funktionerna.<\/strong><\/p>\n<p>[\/vc_column_text][\/vc_column][\/vc_row][vc_row rt_row_background_width=&#8221;fullwidth&#8221; rt_row_content_width=&#8221;fullwidth&#8221; rt_row_style=&#8221;default-style&#8221; rt_row_height=&#8221;&#8221; rt_column_gaps=&#8221;&#8221; rt_row_shadows=&#8221;&#8221; rt_row_borders=&#8221;&#8221; rt_bg_effect=&#8221;classic&#8221; rt_bg_image_repeat=&#8221;repeat&#8221; rt_bg_size=&#8221;cover&#8221; rt_bg_position=&#8221;right top&#8221; rt_bg_attachment=&#8221;scroll&#8221; rt_bg_layer=&#8221;&#8221; rt_bg_video_format=&#8221;self-hosted&#8221; rt_class=&#8221;rt-8366274&#8243; class=&#8221;vc_hidden-xs&#8221; rt_paddings=&#8221;0,0,,&#8221; rt_margins=&#8221;,,,&#8221; rt_content_margins=&#8221;,,,&#8221; rt_tablet_paddings=&#8221;,,,&#8221; rt_tablet_margins=&#8221;,,,&#8221; rt_tablet_content_margins=&#8221;,,,&#8221; rt_sp_paddings=&#8221;,,,&#8221; rt_sp_margins=&#8221;,,,&#8221; rt_sp_content_margins=&#8221;,,,&#8221; rt_bg_color=&#8221;#a4b6c0&#8243; rt_vc_seperator_1=&#8221;&#8221; rt_vc_seperator_2=&#8221;&#8221; rt_vc_seperator_3=&#8221;&#8221;][vc_column rt_bg_effect=&#8221;classic&#8221; rt_bg_image_repeat=&#8221;repeat&#8221; rt_bg_size=&#8221;auto auto&#8221; rt_bg_position=&#8221;right top&#8221; rt_bg_attachment=&#8221;scroll&#8221; offset=&#8221;vc_hidden-xs&#8221; rt_class=&#8221;rt-9248425&#8243; rt_margins=&#8221;,&#8221; rt_paddings=&#8221;,,0,0&#8243; rt_wrapper_paddings=&#8221;,,,&#8221; rt_tablet_margins=&#8221;,&#8221; rt_tablet_paddings=&#8221;,,,&#8221; rt_tablet_wrapper_paddings=&#8221;,,,&#8221; rt_sp_margins=&#8221;,&#8221; rt_sp_paddings=&#8221;,,,&#8221; rt_sp_wrapper_paddings=&#8221;,,,&#8221; rt_bg_color=&#8221;&#8221; rt_bg_overlay_color=&#8221;&#8221; rt_vc_seperator_1=&#8221;&#8221; rt_vc_seperator_2=&#8221;&#8221; rt_vc_seperator_3=&#8221;&#8221;][vc_single_image image=&#8221;66329&#8243; img_size=&#8221;full&#8221; alignment=&#8221;center&#8221; onclick=&#8221;link_image&#8221;][\/vc_column][\/vc_row]<\/p>\n","protected":false},"excerpt":{"rendered":"<p>[vc_row rt_row_background_width=&#8221;fullwidth&#8221; rt_row_content_width=&#8221;fullwidth&#8221; rt_row_style=&#8221;default-style&#8221; rt_row_height=&#8221;&#8221; rt_column_placement=&#8221;middle&#8221; rt_column_gaps=&#8221;&#8221; rt_row_shadows=&#8221;&#8221; rt_row_borders=&#8221;&#8221; rt_bg_effect=&#8221;classic&#8221; rt_bg_image_repeat=&#8221;repeat&#8221; rt_bg_size=&#8221;cover&#8221; rt_bg_position=&#8221;right top&#8221; rt_bg_attachment=&#8221;scroll&#8221; rt_bg_layer=&#8221;&#8221; rt_bg_video_format=&#8221;self-hosted&#8221; rt_class=&#8221;rt-3313150&#8243; rt_paddings=&#8221;0,0,,&#8221; rt_margins=&#8221;,,,&#8221; rt_content_margins=&#8221;,,,&#8221; rt_tablet_paddings=&#8221;,,,&#8221; rt_tablet_margins=&#8221;,,,&#8221; rt_tablet_content_margins=&#8221;,,,&#8221; rt_sp_paddings=&#8221;,,,&#8221; rt_sp_margins=&#8221;,,,&#8221; rt_sp_content_margins=&#8221;,,,&#8221; class=&#8221;home-blok&#8221;][vc_column width=&#8221;1\/2&#8243; rt_bg_effect=&#8221;classic&#8221; rt_bg_image=&#8221;155&#8243; rt_bg_image_repeat=&#8221;no-repeat&#8221; rt_bg_size=&#8221;cover&#8221; rt_bg_position=&#8221;center center&#8221; rt_bg_attachment=&#8221;scroll&#8221; rt_class=&#8221;rt-4984713&#8243; rt_margins=&#8221;,&#8221; rt_paddings=&#8221;,,,&#8221; rt_wrapper_paddings=&#8221;,,,&#8221; rt_tablet_margins=&#8221;,&#8221; rt_tablet_paddings=&#8221;,,,&#8221; rt_tablet_wrapper_paddings=&#8221;,,,&#8221; rt_sp_margins=&#8221;,&#8221; rt_sp_paddings=&#8221;,,,&#8221; rt_sp_wrapper_paddings=&#8221;,,,&#8221; rt_bg_color=&#8221;&#8221; rt_bg_overlay_color=&#8221;&#8221; class=&#8221;blok-image&#8221; rt_min_height=&#8221;450px&#8221;][\/vc_column][vc_column width=&#8221;1\/2&#8243; rt_bg_effect=&#8221;classic&#8221; rt_bg_image=&#8221;162&#8243; rt_bg_image_repeat=&#8221;no-repeat&#8221; rt_bg_size=&#8221;auto [&hellip;]<\/p>\n","protected":false},"author":1,"featured_media":0,"parent":0,"menu_order":0,"comment_status":"closed","ping_status":"closed","template":"","meta":{"inline_featured_image":false,"footnotes":""},"class_list":["post-2657","page","type-page","status-publish","hentry"],"yoast_head":"<!-- This site is optimized with the Yoast SEO plugin v24.5 - https:\/\/yoast.com\/wordpress\/plugins\/seo\/ -->\n<title>teknik - Iomabe<\/title>\n<meta name=\"robots\" content=\"index, follow, max-snippet:-1, max-image-preview:large, max-video-preview:-1\" \/>\n<link rel=\"canonical\" href=\"https:\/\/www.iomabe.eu\/sv\/teknik\/\" \/>\n<meta property=\"og:locale\" content=\"sv_SE\" \/>\n<meta property=\"og:type\" content=\"article\" \/>\n<meta property=\"og:title\" content=\"teknik - Iomabe\" \/>\n<meta property=\"og:description\" content=\"[vc_row rt_row_background_width=&#8221;fullwidth&#8221; rt_row_content_width=&#8221;fullwidth&#8221; rt_row_style=&#8221;default-style&#8221; rt_row_height=&#8221;&#8221; rt_column_placement=&#8221;middle&#8221; rt_column_gaps=&#8221;&#8221; rt_row_shadows=&#8221;&#8221; rt_row_borders=&#8221;&#8221; rt_bg_effect=&#8221;classic&#8221; rt_bg_image_repeat=&#8221;repeat&#8221; rt_bg_size=&#8221;cover&#8221; rt_bg_position=&#8221;right top&#8221; rt_bg_attachment=&#8221;scroll&#8221; rt_bg_layer=&#8221;&#8221; rt_bg_video_format=&#8221;self-hosted&#8221; rt_class=&#8221;rt-3313150&#8243; rt_paddings=&#8221;0,0,,&#8221; rt_margins=&#8221;,,,&#8221; rt_content_margins=&#8221;,,,&#8221; rt_tablet_paddings=&#8221;,,,&#8221; rt_tablet_margins=&#8221;,,,&#8221; rt_tablet_content_margins=&#8221;,,,&#8221; rt_sp_paddings=&#8221;,,,&#8221; rt_sp_margins=&#8221;,,,&#8221; rt_sp_content_margins=&#8221;,,,&#8221; class=&#8221;home-blok&#8221;][vc_column width=&#8221;1\/2&#8243; rt_bg_effect=&#8221;classic&#8221; rt_bg_image=&#8221;155&#8243; rt_bg_image_repeat=&#8221;no-repeat&#8221; rt_bg_size=&#8221;cover&#8221; rt_bg_position=&#8221;center center&#8221; rt_bg_attachment=&#8221;scroll&#8221; rt_class=&#8221;rt-4984713&#8243; rt_margins=&#8221;,&#8221; rt_paddings=&#8221;,,,&#8221; rt_wrapper_paddings=&#8221;,,,&#8221; rt_tablet_margins=&#8221;,&#8221; rt_tablet_paddings=&#8221;,,,&#8221; rt_tablet_wrapper_paddings=&#8221;,,,&#8221; rt_sp_margins=&#8221;,&#8221; rt_sp_paddings=&#8221;,,,&#8221; rt_sp_wrapper_paddings=&#8221;,,,&#8221; rt_bg_color=&#8221;&#8221; rt_bg_overlay_color=&#8221;&#8221; class=&#8221;blok-image&#8221; rt_min_height=&#8221;450px&#8221;][\/vc_column][vc_column width=&#8221;1\/2&#8243; rt_bg_effect=&#8221;classic&#8221; rt_bg_image=&#8221;162&#8243; rt_bg_image_repeat=&#8221;no-repeat&#8221; rt_bg_size=&#8221;auto [&hellip;]\" \/>\n<meta property=\"og:url\" content=\"https:\/\/www.iomabe.eu\/sv\/teknik\/\" \/>\n<meta property=\"og:site_name\" content=\"Iomabe\" \/>\n<meta property=\"article:modified_time\" content=\"2022-10-06T12:35:46+00:00\" \/>\n<meta name=\"twitter:card\" content=\"summary_large_image\" \/>\n<meta name=\"twitter:label1\" content=\"Ber\u00e4knad l\u00e4stid\" \/>\n\t<meta name=\"twitter:data1\" content=\"4 minuter\" \/>\n<script type=\"application\/ld+json\" class=\"yoast-schema-graph\">{\"@context\":\"https:\/\/schema.org\",\"@graph\":[{\"@type\":\"WebPage\",\"@id\":\"https:\/\/www.iomabe.eu\/sv\/teknik\/\",\"url\":\"https:\/\/www.iomabe.eu\/sv\/teknik\/\",\"name\":\"teknik - Iomabe\",\"isPartOf\":{\"@id\":\"https:\/\/www.iomabe.eu\/#website\"},\"datePublished\":\"2022-04-04T09:36:17+00:00\",\"dateModified\":\"2022-10-06T12:35:46+00:00\",\"breadcrumb\":{\"@id\":\"https:\/\/www.iomabe.eu\/sv\/teknik\/#breadcrumb\"},\"inLanguage\":\"sv-SE\",\"potentialAction\":[{\"@type\":\"ReadAction\",\"target\":[\"https:\/\/www.iomabe.eu\/sv\/teknik\/\"]}]},{\"@type\":\"BreadcrumbList\",\"@id\":\"https:\/\/www.iomabe.eu\/sv\/teknik\/#breadcrumb\",\"itemListElement\":[{\"@type\":\"ListItem\",\"position\":1,\"name\":\"Home\",\"item\":\"https:\/\/www.iomabe.eu\/sv\/\"},{\"@type\":\"ListItem\",\"position\":2,\"name\":\"teknik\"}]},{\"@type\":\"WebSite\",\"@id\":\"https:\/\/www.iomabe.eu\/#website\",\"url\":\"https:\/\/www.iomabe.eu\/\",\"name\":\"Iomabe\",\"description\":\"\",\"potentialAction\":[{\"@type\":\"SearchAction\",\"target\":{\"@type\":\"EntryPoint\",\"urlTemplate\":\"https:\/\/www.iomabe.eu\/?s={search_term_string}\"},\"query-input\":{\"@type\":\"PropertyValueSpecification\",\"valueRequired\":true,\"valueName\":\"search_term_string\"}}],\"inLanguage\":\"sv-SE\"}]}<\/script>\n<!-- \/ Yoast SEO plugin. -->","yoast_head_json":{"title":"teknik - Iomabe","robots":{"index":"index","follow":"follow","max-snippet":"max-snippet:-1","max-image-preview":"max-image-preview:large","max-video-preview":"max-video-preview:-1"},"canonical":"https:\/\/www.iomabe.eu\/sv\/teknik\/","og_locale":"sv_SE","og_type":"article","og_title":"teknik - Iomabe","og_description":"[vc_row rt_row_background_width=&#8221;fullwidth&#8221; rt_row_content_width=&#8221;fullwidth&#8221; rt_row_style=&#8221;default-style&#8221; rt_row_height=&#8221;&#8221; rt_column_placement=&#8221;middle&#8221; rt_column_gaps=&#8221;&#8221; rt_row_shadows=&#8221;&#8221; rt_row_borders=&#8221;&#8221; rt_bg_effect=&#8221;classic&#8221; rt_bg_image_repeat=&#8221;repeat&#8221; rt_bg_size=&#8221;cover&#8221; rt_bg_position=&#8221;right top&#8221; rt_bg_attachment=&#8221;scroll&#8221; rt_bg_layer=&#8221;&#8221; rt_bg_video_format=&#8221;self-hosted&#8221; rt_class=&#8221;rt-3313150&#8243; rt_paddings=&#8221;0,0,,&#8221; rt_margins=&#8221;,,,&#8221; rt_content_margins=&#8221;,,,&#8221; rt_tablet_paddings=&#8221;,,,&#8221; rt_tablet_margins=&#8221;,,,&#8221; rt_tablet_content_margins=&#8221;,,,&#8221; rt_sp_paddings=&#8221;,,,&#8221; rt_sp_margins=&#8221;,,,&#8221; rt_sp_content_margins=&#8221;,,,&#8221; class=&#8221;home-blok&#8221;][vc_column width=&#8221;1\/2&#8243; rt_bg_effect=&#8221;classic&#8221; rt_bg_image=&#8221;155&#8243; rt_bg_image_repeat=&#8221;no-repeat&#8221; rt_bg_size=&#8221;cover&#8221; rt_bg_position=&#8221;center center&#8221; rt_bg_attachment=&#8221;scroll&#8221; rt_class=&#8221;rt-4984713&#8243; rt_margins=&#8221;,&#8221; rt_paddings=&#8221;,,,&#8221; rt_wrapper_paddings=&#8221;,,,&#8221; rt_tablet_margins=&#8221;,&#8221; rt_tablet_paddings=&#8221;,,,&#8221; rt_tablet_wrapper_paddings=&#8221;,,,&#8221; rt_sp_margins=&#8221;,&#8221; rt_sp_paddings=&#8221;,,,&#8221; rt_sp_wrapper_paddings=&#8221;,,,&#8221; rt_bg_color=&#8221;&#8221; rt_bg_overlay_color=&#8221;&#8221; class=&#8221;blok-image&#8221; rt_min_height=&#8221;450px&#8221;][\/vc_column][vc_column width=&#8221;1\/2&#8243; rt_bg_effect=&#8221;classic&#8221; rt_bg_image=&#8221;162&#8243; rt_bg_image_repeat=&#8221;no-repeat&#8221; rt_bg_size=&#8221;auto [&hellip;]","og_url":"https:\/\/www.iomabe.eu\/sv\/teknik\/","og_site_name":"Iomabe","article_modified_time":"2022-10-06T12:35:46+00:00","twitter_card":"summary_large_image","twitter_misc":{"Ber\u00e4knad l\u00e4stid":"4 minuter"},"schema":{"@context":"https:\/\/schema.org","@graph":[{"@type":"WebPage","@id":"https:\/\/www.iomabe.eu\/sv\/teknik\/","url":"https:\/\/www.iomabe.eu\/sv\/teknik\/","name":"teknik - Iomabe","isPartOf":{"@id":"https:\/\/www.iomabe.eu\/#website"},"datePublished":"2022-04-04T09:36:17+00:00","dateModified":"2022-10-06T12:35:46+00:00","breadcrumb":{"@id":"https:\/\/www.iomabe.eu\/sv\/teknik\/#breadcrumb"},"inLanguage":"sv-SE","potentialAction":[{"@type":"ReadAction","target":["https:\/\/www.iomabe.eu\/sv\/teknik\/"]}]},{"@type":"BreadcrumbList","@id":"https:\/\/www.iomabe.eu\/sv\/teknik\/#breadcrumb","itemListElement":[{"@type":"ListItem","position":1,"name":"Home","item":"https:\/\/www.iomabe.eu\/sv\/"},{"@type":"ListItem","position":2,"name":"teknik"}]},{"@type":"WebSite","@id":"https:\/\/www.iomabe.eu\/#website","url":"https:\/\/www.iomabe.eu\/","name":"Iomabe","description":"","potentialAction":[{"@type":"SearchAction","target":{"@type":"EntryPoint","urlTemplate":"https:\/\/www.iomabe.eu\/?s={search_term_string}"},"query-input":{"@type":"PropertyValueSpecification","valueRequired":true,"valueName":"search_term_string"}}],"inLanguage":"sv-SE"}]}},"_links":{"self":[{"href":"https:\/\/www.iomabe.eu\/sv\/wp-json\/wp\/v2\/pages\/2657","targetHints":{"allow":["GET"]}}],"collection":[{"href":"https:\/\/www.iomabe.eu\/sv\/wp-json\/wp\/v2\/pages"}],"about":[{"href":"https:\/\/www.iomabe.eu\/sv\/wp-json\/wp\/v2\/types\/page"}],"author":[{"embeddable":true,"href":"https:\/\/www.iomabe.eu\/sv\/wp-json\/wp\/v2\/users\/1"}],"replies":[{"embeddable":true,"href":"https:\/\/www.iomabe.eu\/sv\/wp-json\/wp\/v2\/comments?post=2657"}],"version-history":[{"count":6,"href":"https:\/\/www.iomabe.eu\/sv\/wp-json\/wp\/v2\/pages\/2657\/revisions"}],"predecessor-version":[{"id":66366,"href":"https:\/\/www.iomabe.eu\/sv\/wp-json\/wp\/v2\/pages\/2657\/revisions\/66366"}],"wp:attachment":[{"href":"https:\/\/www.iomabe.eu\/sv\/wp-json\/wp\/v2\/media?parent=2657"}],"curies":[{"name":"wp","href":"https:\/\/api.w.org\/{rel}","templated":true}]}}