{"id":3421,"date":"2022-04-06T14:28:11","date_gmt":"2022-04-06T12:28:11","guid":{"rendered":"http:\/\/www.vanoo30.nl\/product\/dual-zone-wijnkoelkast-inox-zwart\/"},"modified":"2024-01-26T11:19:24","modified_gmt":"2024-01-26T10:19:24","slug":"dual-zone-wijnkoelkast-inox-zwart","status":"publish","type":"product","link":"https:\/\/www.iomabe.eu\/fr\/produit\/dual-zone-wijnkoelkast-inox-zwart\/","title":{"rendered":"dual zone cave \u00e0 vin (inox &#038; noir)"},"content":{"rendered":"<div style=\"text-align: center;\"><a style=\"text-decoration: underline; font-weight: bold;\" href=\"https:\/\/www.iomabe.eu\/wp-content\/uploads\/FR-Product-flyer-wine-beverage-2024.pdf\" target=\"_blank\" rel=\"noopener noreferrer\"><img loading=\"lazy\" decoding=\"async\" class=\"alignnone\" style=\"width: 50%; margin: 0 auto;\" src=\"\/wp-content\/uploads\/Download-Knop_Frans.png\" alt=\"\" width=\"505\" height=\"111\" \/><\/a><br \/>\n<a style=\"text-decoration: underline; font-weight: bold;\" href=\"\/wp-content\/uploads\/energy-label-IOW51DDBB.pdf\" target=\"_blank\" rel=\"noopener noreferrer\"><img decoding=\"async\" style=\"width: 50%; margin: 0 auto;\" src=\"\/wp-content\/uploads\/Energylabel_Frans.jpg\" \/><\/a><\/div>\n","protected":false},"excerpt":{"rendered":"<p>Nom du produit: <strong>IOW51DDBB<\/strong><\/p>\n<p>Cette cave \u00e0 vin encastr\u00e9e disposant de deux zones climatiques est \u00e9quip\u00e9e d\u2019un contr\u00f4le \u00e9lectronique de la temp\u00e9rature pour un stockage optimal de vos vins rouge et blanc. La cave \u00e0 vin a une capacit\u00e9 de pas moins de 51 bouteilles et est \u00e9quip\u00e9e d\u2019un filtre \u00e0 charbon, de belles \u00e9tag\u00e8res en bois, d\u2019une porte en verre avec protection UV, d\u2019un \u00e9clairage LED et de charni\u00e8res interchangeables. Elle peut \u00e9galement \u00eatre combin\u00e9e avec nos nouveaux centres de boissons car ils ont les m\u00eames dimension<\/p>\n<p><a style=\"text-decoration: underline; font-weight: bold;\" href=\"\/fr\/store-locator\/\" target=\"_blank\" rel=\"noopener noreferrer\"><img decoding=\"async\" style=\"width: 50%;\" src=\"\/wp-content\/uploads\/Button_Store-locator_Iomabe.jpg\" \/><\/a><\/p>\n","protected":false},"featured_media":1811,"comment_status":"closed","ping_status":"closed","template":"","meta":{"inline_featured_image":false},"product_brand":[],"product_cat":[169],"product_tag":[],"class_list":{"0":"post-3421","1":"product","2":"type-product","3":"status-publish","4":"has-post-thumbnail","6":"product_cat-cave-a-vin","8":"first","9":"instock","10":"shipping-taxable","11":"product-type-simple"},"yoast_head":"<!-- This site is optimized with the Yoast SEO plugin v24.5 - https:\/\/yoast.com\/wordpress\/plugins\/seo\/ -->\n<title>dual zone cave \u00e0 vin (inox &amp; noir) - Iomabe<\/title>\n<meta name=\"robots\" content=\"index, follow, max-snippet:-1, max-image-preview:large, max-video-preview:-1\" \/>\n<link rel=\"canonical\" href=\"https:\/\/www.iomabe.eu\/fr\/produit\/dual-zone-wijnkoelkast-inox-zwart\/\" \/>\n<meta property=\"og:locale\" content=\"fr_FR\" \/>\n<meta property=\"og:type\" content=\"article\" \/>\n<meta property=\"og:title\" content=\"dual zone cave \u00e0 vin (inox &amp; noir) - Iomabe\" \/>\n<meta property=\"og:description\" content=\"Nom du produit: IOW51DDBB  Cette cave \u00e0 vin encastr\u00e9e disposant de deux zones climatiques est \u00e9quip\u00e9e d\u2019un contr\u00f4le \u00e9lectronique de la temp\u00e9rature pour un stockage optimal de vos vins rouge et blanc. La cave \u00e0 vin a une capacit\u00e9 de pas moins de 51 bouteilles et est \u00e9quip\u00e9e d\u2019un filtre \u00e0 charbon, de belles \u00e9tag\u00e8res en bois, d\u2019une porte en verre avec protection UV, d\u2019un \u00e9clairage LED et de charni\u00e8res interchangeables. Elle peut \u00e9galement \u00eatre combin\u00e9e avec nos nouveaux centres de boissons car ils ont les m\u00eames dimension\" \/>\n<meta property=\"og:url\" content=\"https:\/\/www.iomabe.eu\/fr\/produit\/dual-zone-wijnkoelkast-inox-zwart\/\" \/>\n<meta property=\"og:site_name\" content=\"Iomabe\" \/>\n<meta property=\"article:modified_time\" content=\"2024-01-26T10:19:24+00:00\" \/>\n<meta property=\"og:image\" content=\"https:\/\/www.iomabe.eu\/wp-content\/uploads\/Image_Dual-zone_zwart-inox.jpg\" \/>\n\t<meta property=\"og:image:width\" content=\"768\" \/>\n\t<meta property=\"og:image:height\" content=\"768\" \/>\n\t<meta property=\"og:image:type\" content=\"image\/jpeg\" \/>\n<meta name=\"twitter:card\" content=\"summary_large_image\" \/>\n<meta name=\"twitter:label1\" content=\"Dur\u00e9e de lecture estim\u00e9e\" \/>\n\t<meta name=\"twitter:data1\" content=\"1 minute\" \/>\n<script type=\"application\/ld+json\" class=\"yoast-schema-graph\">{\"@context\":\"https:\/\/schema.org\",\"@graph\":[{\"@type\":\"WebPage\",\"@id\":\"https:\/\/www.iomabe.eu\/fr\/produit\/dual-zone-wijnkoelkast-inox-zwart\/\",\"url\":\"https:\/\/www.iomabe.eu\/fr\/produit\/dual-zone-wijnkoelkast-inox-zwart\/\",\"name\":\"dual zone cave \u00e0 vin (inox & noir) - Iomabe\",\"isPartOf\":{\"@id\":\"https:\/\/www.iomabe.eu\/#website\"},\"primaryImageOfPage\":{\"@id\":\"https:\/\/www.iomabe.eu\/fr\/produit\/dual-zone-wijnkoelkast-inox-zwart\/#primaryimage\"},\"image\":{\"@id\":\"https:\/\/www.iomabe.eu\/fr\/produit\/dual-zone-wijnkoelkast-inox-zwart\/#primaryimage\"},\"thumbnailUrl\":\"https:\/\/www.iomabe.eu\/wp-content\/uploads\/Image_Dual-zone_zwart-inox.jpg\",\"datePublished\":\"2022-04-06T12:28:11+00:00\",\"dateModified\":\"2024-01-26T10:19:24+00:00\",\"breadcrumb\":{\"@id\":\"https:\/\/www.iomabe.eu\/fr\/produit\/dual-zone-wijnkoelkast-inox-zwart\/#breadcrumb\"},\"inLanguage\":\"fr-FR\",\"potentialAction\":[{\"@type\":\"ReadAction\",\"target\":[\"https:\/\/www.iomabe.eu\/fr\/produit\/dual-zone-wijnkoelkast-inox-zwart\/\"]}]},{\"@type\":\"ImageObject\",\"inLanguage\":\"fr-FR\",\"@id\":\"https:\/\/www.iomabe.eu\/fr\/produit\/dual-zone-wijnkoelkast-inox-zwart\/#primaryimage\",\"url\":\"https:\/\/www.iomabe.eu\/wp-content\/uploads\/Image_Dual-zone_zwart-inox.jpg\",\"contentUrl\":\"https:\/\/www.iomabe.eu\/wp-content\/uploads\/Image_Dual-zone_zwart-inox.jpg\",\"width\":768,\"height\":768},{\"@type\":\"BreadcrumbList\",\"@id\":\"https:\/\/www.iomabe.eu\/fr\/produit\/dual-zone-wijnkoelkast-inox-zwart\/#breadcrumb\",\"itemListElement\":[{\"@type\":\"ListItem\",\"position\":1,\"name\":\"Home\",\"item\":\"https:\/\/www.iomabe.eu\/fr\/\"},{\"@type\":\"ListItem\",\"position\":2,\"name\":\"Boutique\",\"item\":\"https:\/\/www.iomabe.eu\/fr\/boutique\/\"},{\"@type\":\"ListItem\",\"position\":3,\"name\":\"dual zone cave \u00e0 vin (inox &#038; noir)\"}]},{\"@type\":\"WebSite\",\"@id\":\"https:\/\/www.iomabe.eu\/#website\",\"url\":\"https:\/\/www.iomabe.eu\/\",\"name\":\"Iomabe\",\"description\":\"\",\"potentialAction\":[{\"@type\":\"SearchAction\",\"target\":{\"@type\":\"EntryPoint\",\"urlTemplate\":\"https:\/\/www.iomabe.eu\/?s={search_term_string}\"},\"query-input\":{\"@type\":\"PropertyValueSpecification\",\"valueRequired\":true,\"valueName\":\"search_term_string\"}}],\"inLanguage\":\"fr-FR\"}]}<\/script>\n<!-- \/ Yoast SEO plugin. -->","yoast_head_json":{"title":"dual zone cave \u00e0 vin (inox & noir) - Iomabe","robots":{"index":"index","follow":"follow","max-snippet":"max-snippet:-1","max-image-preview":"max-image-preview:large","max-video-preview":"max-video-preview:-1"},"canonical":"https:\/\/www.iomabe.eu\/fr\/produit\/dual-zone-wijnkoelkast-inox-zwart\/","og_locale":"fr_FR","og_type":"article","og_title":"dual zone cave \u00e0 vin (inox & noir) - Iomabe","og_description":"Nom du produit: IOW51DDBB  Cette cave \u00e0 vin encastr\u00e9e disposant de deux zones climatiques est \u00e9quip\u00e9e d\u2019un contr\u00f4le \u00e9lectronique de la temp\u00e9rature pour un stockage optimal de vos vins rouge et blanc. La cave \u00e0 vin a une capacit\u00e9 de pas moins de 51 bouteilles et est \u00e9quip\u00e9e d\u2019un filtre \u00e0 charbon, de belles \u00e9tag\u00e8res en bois, d\u2019une porte en verre avec protection UV, d\u2019un \u00e9clairage LED et de charni\u00e8res interchangeables. Elle peut \u00e9galement \u00eatre combin\u00e9e avec nos nouveaux centres de boissons car ils ont les m\u00eames dimension","og_url":"https:\/\/www.iomabe.eu\/fr\/produit\/dual-zone-wijnkoelkast-inox-zwart\/","og_site_name":"Iomabe","article_modified_time":"2024-01-26T10:19:24+00:00","og_image":[{"width":768,"height":768,"url":"https:\/\/www.iomabe.eu\/wp-content\/uploads\/Image_Dual-zone_zwart-inox.jpg","type":"image\/jpeg"}],"twitter_card":"summary_large_image","twitter_misc":{"Dur\u00e9e de lecture estim\u00e9e":"1 minute"},"schema":{"@context":"https:\/\/schema.org","@graph":[{"@type":"WebPage","@id":"https:\/\/www.iomabe.eu\/fr\/produit\/dual-zone-wijnkoelkast-inox-zwart\/","url":"https:\/\/www.iomabe.eu\/fr\/produit\/dual-zone-wijnkoelkast-inox-zwart\/","name":"dual zone cave \u00e0 vin (inox & noir) - Iomabe","isPartOf":{"@id":"https:\/\/www.iomabe.eu\/#website"},"primaryImageOfPage":{"@id":"https:\/\/www.iomabe.eu\/fr\/produit\/dual-zone-wijnkoelkast-inox-zwart\/#primaryimage"},"image":{"@id":"https:\/\/www.iomabe.eu\/fr\/produit\/dual-zone-wijnkoelkast-inox-zwart\/#primaryimage"},"thumbnailUrl":"https:\/\/www.iomabe.eu\/wp-content\/uploads\/Image_Dual-zone_zwart-inox.jpg","datePublished":"2022-04-06T12:28:11+00:00","dateModified":"2024-01-26T10:19:24+00:00","breadcrumb":{"@id":"https:\/\/www.iomabe.eu\/fr\/produit\/dual-zone-wijnkoelkast-inox-zwart\/#breadcrumb"},"inLanguage":"fr-FR","potentialAction":[{"@type":"ReadAction","target":["https:\/\/www.iomabe.eu\/fr\/produit\/dual-zone-wijnkoelkast-inox-zwart\/"]}]},{"@type":"ImageObject","inLanguage":"fr-FR","@id":"https:\/\/www.iomabe.eu\/fr\/produit\/dual-zone-wijnkoelkast-inox-zwart\/#primaryimage","url":"https:\/\/www.iomabe.eu\/wp-content\/uploads\/Image_Dual-zone_zwart-inox.jpg","contentUrl":"https:\/\/www.iomabe.eu\/wp-content\/uploads\/Image_Dual-zone_zwart-inox.jpg","width":768,"height":768},{"@type":"BreadcrumbList","@id":"https:\/\/www.iomabe.eu\/fr\/produit\/dual-zone-wijnkoelkast-inox-zwart\/#breadcrumb","itemListElement":[{"@type":"ListItem","position":1,"name":"Home","item":"https:\/\/www.iomabe.eu\/fr\/"},{"@type":"ListItem","position":2,"name":"Boutique","item":"https:\/\/www.iomabe.eu\/fr\/boutique\/"},{"@type":"ListItem","position":3,"name":"dual zone cave \u00e0 vin (inox &#038; noir)"}]},{"@type":"WebSite","@id":"https:\/\/www.iomabe.eu\/#website","url":"https:\/\/www.iomabe.eu\/","name":"Iomabe","description":"","potentialAction":[{"@type":"SearchAction","target":{"@type":"EntryPoint","urlTemplate":"https:\/\/www.iomabe.eu\/?s={search_term_string}"},"query-input":{"@type":"PropertyValueSpecification","valueRequired":true,"valueName":"search_term_string"}}],"inLanguage":"fr-FR"}]}},"_links":{"self":[{"href":"https:\/\/www.iomabe.eu\/fr\/wp-json\/wp\/v2\/product\/3421","targetHints":{"allow":["GET"]}}],"collection":[{"href":"https:\/\/www.iomabe.eu\/fr\/wp-json\/wp\/v2\/product"}],"about":[{"href":"https:\/\/www.iomabe.eu\/fr\/wp-json\/wp\/v2\/types\/product"}],"replies":[{"embeddable":true,"href":"https:\/\/www.iomabe.eu\/fr\/wp-json\/wp\/v2\/comments?post=3421"}],"wp:featuredmedia":[{"embeddable":true,"href":"https:\/\/www.iomabe.eu\/fr\/wp-json\/wp\/v2\/media\/1811"}],"wp:attachment":[{"href":"https:\/\/www.iomabe.eu\/fr\/wp-json\/wp\/v2\/media?parent=3421"}],"wp:term":[{"taxonomy":"product_brand","embeddable":true,"href":"https:\/\/www.iomabe.eu\/fr\/wp-json\/wp\/v2\/product_brand?post=3421"},{"taxonomy":"product_cat","embeddable":true,"href":"https:\/\/www.iomabe.eu\/fr\/wp-json\/wp\/v2\/product_cat?post=3421"},{"taxonomy":"product_tag","embeddable":true,"href":"https:\/\/www.iomabe.eu\/fr\/wp-json\/wp\/v2\/product_tag?post=3421"}],"curies":[{"name":"wp","href":"https:\/\/api.w.org\/{rel}","templated":true}]}}