{"id":3130,"date":"2022-04-05T09:48:33","date_gmt":"2022-04-05T07:48:33","guid":{"rendered":"https:\/\/www.vanoo30.nl\/product\/ino27jspffs\/"},"modified":"2022-06-15T12:30:01","modified_gmt":"2022-06-15T10:30:01","slug":"ino27jspffs","status":"publish","type":"product","link":"https:\/\/www.iomabe.eu\/fr\/produit\/ino27jspffs\/","title":{"rendered":"INO27JSPFFS"},"content":{"rendered":"<div style=\"text-align: center;\"><a style=\"text-decoration: underline; font-weight: bold;\" href=\"\/wp-content\/uploads\/FR_productsheet_-INO27JSPFFS.pdf\" target=\"_blank\" rel=\"noopener noreferrer\"><img loading=\"lazy\" decoding=\"async\" class=\"alignnone\" style=\"width: 50%; margin: 0 auto;\" src=\"\/wp-content\/uploads\/Download-Knop_Frans.png\" alt=\"\" width=\"505\" height=\"111\" \/><\/a><br \/>\n<a style=\"text-decoration: underline; font-weight: bold;\" href=\"\/wp-content\/uploads\/Energy-Label-INO27JSPFFS.jpg\" target=\"_blank\" rel=\"noopener noreferrer\"><img decoding=\"async\" style=\"width: 50%; margin: 0 auto;\" src=\"\/wp-content\/uploads\/Energylabel_Frans.jpg\" \/><\/a><\/div>\n","protected":false},"excerpt":{"rendered":"<ul>\n<li>Autonome ou encastrable standard<\/li>\n<li>Fa\u00e7ade en inox, caisse anthracite<\/li>\n<li>Poign\u00e9es design en inox<\/li>\n<li>Distributeur d\u2019eau (int\u00e9gr\u00e9)<\/li>\n<li>Filtre \u00e0 eau, GE SmartWater (int\u00e9gr\u00e9)<\/li>\n<li>Fabrique de glace \u00e9lectronique (int\u00e9gr\u00e9)<\/li>\n<li>Bac de conservation, temp\u00e9rature contr\u00f4l\u00e9e<\/li>\n<li>2x Bac \u00e0 fruits et l\u00e9gumes<\/li>\n<li>NoFrost &amp; ClimateKeeper Technolgy<\/li>\n<li>Sabbat Mode &amp; TurboCool<\/li>\n<li>302 kWh\/a \u2013 Classe E \u2013 46 dBa<\/li>\n<\/ul>\n<p><a style=\"text-decoration: underline; font-weight: bold;\" href=\"\/fr\/store-locator\/\" target=\"_blank\" rel=\"noopener noreferrer\"><img decoding=\"async\" style=\"float: margin-bottom: 20px !important; left; width: 50%;\" src=\"\/wp-content\/uploads\/Button_Store-locator_Iomabe.jpg\" \/><\/a><\/p>\n<p><img decoding=\"async\" style=\"float: left; width: 45px; height: 45px; margin-right: 20px;\" src=\"\/wp-content\/uploads\/Afmeting_90.9.svg\" \/><img decoding=\"async\" style=\"float: left; width: 45px; height: 45px; margin-right: 20px !important; margin-bottom: 20px;\" src=\"\/wp-content\/uploads\/Inhoud_769L.svg\" \/><\/p>\n<table class=\"product-tabel\" cellspacing=\"10\">\n<tbody>\n<tr>\n<td><b>Version<\/b><\/td>\n<td class=\"product-middle tabel-move\"><b>INO27JSPFFS<\/b><\/td>\n<\/tr>\n<tr>\n<td>1. Hauteur jusqu\u2019au sommet du r\u00e9frig\u00e9rate<\/td>\n<td class=\"product-middle tabel-move\">1742<\/td>\n<\/tr>\n<tr>\n<td>2. Hauteur jusqu\u2019en haut de la charni\u00e8re<\/td>\n<td class=\"product-middle tabel-move\">1772<\/td>\n<\/tr>\n<tr>\n<td>3. Hauteur jusqu\u2019au sommet de la porte<\/td>\n<td class=\"product-middle tabel-move\">1775<\/td>\n<\/tr>\n<tr>\n<td>4. Profondeur sans porte<\/td>\n<td class=\"product-middle tabel-move\">758<\/td>\n<\/tr>\n<tr>\n<td>5. Profondeur sans poign\u00e9e<\/td>\n<td class=\"product-middle tabel-move\">863<\/td>\n<\/tr>\n<tr>\n<td>6. Profondeur avec poign\u00e9e<\/td>\n<td class=\"product-middle tabel-move\">930<\/td>\n<\/tr>\n<tr>\n<td>7. Profondeur totale avec porte 90\u00b0 ouve<\/td>\n<td class=\"product-middle tabel-move\">1240<\/td>\n<\/tr>\n<tr>\n<td>8. Largeur<\/td>\n<td class=\"product-middle tabel-move\">909<\/td>\n<\/tr>\n<tr>\n<td><\/td>\n<td class=\"product-middle tabel-move\"><\/td>\n<\/tr>\n<tr>\n<td><\/td>\n<td class=\"product-middle tabel-move\"><\/td>\n<\/tr>\n<tr>\n<td><strong>Dimension nische<\/strong><\/td>\n<td class=\"product-middle\" colspan=\"3\"><\/td>\n<\/tr>\n<tr>\n<td>A. Largeur niche<\/td>\n<td class=\"product-middle tabel-move\">915<\/td>\n<\/tr>\n<tr>\n<td>B. Profondeur niche<\/td>\n<td class=\"product-middle tabel-move\">764<\/td>\n<\/tr>\n<tr>\n<td>C. Hauteur niche<\/td>\n<td class=\"product-middle tabel-move\">1785<\/td>\n<\/tr>\n<\/tbody>\n<\/table>\n<p><img decoding=\"async\" src=\"\/wp-content\/uploads\/Afmetingen.png\" \/><\/p>\n","protected":false},"featured_media":1223,"comment_status":"closed","ping_status":"closed","template":"","meta":{"inline_featured_image":false},"product_brand":[],"product_cat":[168],"product_tag":[],"class_list":{"0":"post-3130","1":"product","2":"type-product","3":"status-publish","4":"has-post-thumbnail","6":"product_cat-bottom-freezer-fr","8":"first","9":"instock","10":"shipping-taxable","11":"product-type-simple"},"yoast_head":"<!-- This site is optimized with the Yoast SEO plugin v24.5 - https:\/\/yoast.com\/wordpress\/plugins\/seo\/ -->\n<title>INO27JSPFFS - Iomabe<\/title>\n<meta name=\"robots\" content=\"index, follow, max-snippet:-1, max-image-preview:large, max-video-preview:-1\" \/>\n<link rel=\"canonical\" href=\"https:\/\/www.iomabe.eu\/fr\/produit\/ino27jspffs\/\" \/>\n<meta property=\"og:locale\" content=\"fr_FR\" \/>\n<meta property=\"og:type\" content=\"article\" \/>\n<meta property=\"og:title\" content=\"INO27JSPFFS - Iomabe\" \/>\n<meta property=\"og:description\" content=\"Autonome ou encastrable standard  Fa\u00e7ade en inox, caisse anthracite  Poign\u00e9es design en inox  Distributeur d\u2019eau (int\u00e9gr\u00e9)  Filtre \u00e0 eau, GE SmartWater (int\u00e9gr\u00e9)  Fabrique de glace \u00e9lectronique (int\u00e9gr\u00e9)  Bac de conservation, temp\u00e9rature contr\u00f4l\u00e9e  2x Bac \u00e0 fruits et l\u00e9gumes  NoFrost &amp; ClimateKeeper Technolgy  Sabbat Mode &amp; TurboCool  302 kWh\/a \u2013 Classe E \u2013 46 dBa        Version INO27JSPFFS   1. Hauteur jusqu\u2019au sommet du r\u00e9frig\u00e9rate 1742   2. Hauteur jusqu\u2019en haut de la charni\u00e8re 1772   3. Hauteur jusqu\u2019au sommet de la porte 1775   4. Profondeur sans porte 758   5. Profondeur sans poign\u00e9e 863   6. Profondeur avec poign\u00e9e 930   7. Profondeur totale avec porte 90\u00b0 ouve 1240   8. Largeur 909           Dimension nische    A. Largeur niche 915   B. Profondeur niche 764   C. Hauteur niche 1785\" \/>\n<meta property=\"og:url\" content=\"https:\/\/www.iomabe.eu\/fr\/produit\/ino27jspffs\/\" \/>\n<meta property=\"og:site_name\" content=\"Iomabe\" \/>\n<meta property=\"article:modified_time\" content=\"2022-06-15T10:30:01+00:00\" \/>\n<meta property=\"og:image\" content=\"https:\/\/www.iomabe.eu\/wp-content\/uploads\/Image_INO27JSPFFS_1.jpg\" \/>\n\t<meta property=\"og:image:width\" content=\"450\" \/>\n\t<meta property=\"og:image:height\" content=\"450\" \/>\n\t<meta property=\"og:image:type\" content=\"image\/jpeg\" \/>\n<meta name=\"twitter:card\" content=\"summary_large_image\" \/>\n<script type=\"application\/ld+json\" class=\"yoast-schema-graph\">{\"@context\":\"https:\/\/schema.org\",\"@graph\":[{\"@type\":\"WebPage\",\"@id\":\"https:\/\/www.iomabe.eu\/fr\/produit\/ino27jspffs\/\",\"url\":\"https:\/\/www.iomabe.eu\/fr\/produit\/ino27jspffs\/\",\"name\":\"INO27JSPFFS - Iomabe\",\"isPartOf\":{\"@id\":\"https:\/\/www.iomabe.eu\/#website\"},\"primaryImageOfPage\":{\"@id\":\"https:\/\/www.iomabe.eu\/fr\/produit\/ino27jspffs\/#primaryimage\"},\"image\":{\"@id\":\"https:\/\/www.iomabe.eu\/fr\/produit\/ino27jspffs\/#primaryimage\"},\"thumbnailUrl\":\"https:\/\/www.iomabe.eu\/wp-content\/uploads\/Image_INO27JSPFFS_1.jpg\",\"datePublished\":\"2022-04-05T07:48:33+00:00\",\"dateModified\":\"2022-06-15T10:30:01+00:00\",\"breadcrumb\":{\"@id\":\"https:\/\/www.iomabe.eu\/fr\/produit\/ino27jspffs\/#breadcrumb\"},\"inLanguage\":\"fr-FR\",\"potentialAction\":[{\"@type\":\"ReadAction\",\"target\":[\"https:\/\/www.iomabe.eu\/fr\/produit\/ino27jspffs\/\"]}]},{\"@type\":\"ImageObject\",\"inLanguage\":\"fr-FR\",\"@id\":\"https:\/\/www.iomabe.eu\/fr\/produit\/ino27jspffs\/#primaryimage\",\"url\":\"https:\/\/www.iomabe.eu\/wp-content\/uploads\/Image_INO27JSPFFS_1.jpg\",\"contentUrl\":\"https:\/\/www.iomabe.eu\/wp-content\/uploads\/Image_INO27JSPFFS_1.jpg\",\"width\":450,\"height\":450},{\"@type\":\"BreadcrumbList\",\"@id\":\"https:\/\/www.iomabe.eu\/fr\/produit\/ino27jspffs\/#breadcrumb\",\"itemListElement\":[{\"@type\":\"ListItem\",\"position\":1,\"name\":\"Home\",\"item\":\"https:\/\/www.iomabe.eu\/fr\/\"},{\"@type\":\"ListItem\",\"position\":2,\"name\":\"Boutique\",\"item\":\"https:\/\/www.iomabe.eu\/fr\/boutique\/\"},{\"@type\":\"ListItem\",\"position\":3,\"name\":\"INO27JSPFFS\"}]},{\"@type\":\"WebSite\",\"@id\":\"https:\/\/www.iomabe.eu\/#website\",\"url\":\"https:\/\/www.iomabe.eu\/\",\"name\":\"Iomabe\",\"description\":\"\",\"potentialAction\":[{\"@type\":\"SearchAction\",\"target\":{\"@type\":\"EntryPoint\",\"urlTemplate\":\"https:\/\/www.iomabe.eu\/?s={search_term_string}\"},\"query-input\":{\"@type\":\"PropertyValueSpecification\",\"valueRequired\":true,\"valueName\":\"search_term_string\"}}],\"inLanguage\":\"fr-FR\"}]}<\/script>\n<!-- \/ Yoast SEO plugin. -->","yoast_head_json":{"title":"INO27JSPFFS - Iomabe","robots":{"index":"index","follow":"follow","max-snippet":"max-snippet:-1","max-image-preview":"max-image-preview:large","max-video-preview":"max-video-preview:-1"},"canonical":"https:\/\/www.iomabe.eu\/fr\/produit\/ino27jspffs\/","og_locale":"fr_FR","og_type":"article","og_title":"INO27JSPFFS - Iomabe","og_description":"Autonome ou encastrable standard  Fa\u00e7ade en inox, caisse anthracite  Poign\u00e9es design en inox  Distributeur d\u2019eau (int\u00e9gr\u00e9)  Filtre \u00e0 eau, GE SmartWater (int\u00e9gr\u00e9)  Fabrique de glace \u00e9lectronique (int\u00e9gr\u00e9)  Bac de conservation, temp\u00e9rature contr\u00f4l\u00e9e  2x Bac \u00e0 fruits et l\u00e9gumes  NoFrost &amp; ClimateKeeper Technolgy  Sabbat Mode &amp; TurboCool  302 kWh\/a \u2013 Classe E \u2013 46 dBa        Version INO27JSPFFS   1. Hauteur jusqu\u2019au sommet du r\u00e9frig\u00e9rate 1742   2. Hauteur jusqu\u2019en haut de la charni\u00e8re 1772   3. Hauteur jusqu\u2019au sommet de la porte 1775   4. Profondeur sans porte 758   5. Profondeur sans poign\u00e9e 863   6. Profondeur avec poign\u00e9e 930   7. Profondeur totale avec porte 90\u00b0 ouve 1240   8. Largeur 909           Dimension nische    A. Largeur niche 915   B. Profondeur niche 764   C. Hauteur niche 1785","og_url":"https:\/\/www.iomabe.eu\/fr\/produit\/ino27jspffs\/","og_site_name":"Iomabe","article_modified_time":"2022-06-15T10:30:01+00:00","og_image":[{"width":450,"height":450,"url":"https:\/\/www.iomabe.eu\/wp-content\/uploads\/Image_INO27JSPFFS_1.jpg","type":"image\/jpeg"}],"twitter_card":"summary_large_image","schema":{"@context":"https:\/\/schema.org","@graph":[{"@type":"WebPage","@id":"https:\/\/www.iomabe.eu\/fr\/produit\/ino27jspffs\/","url":"https:\/\/www.iomabe.eu\/fr\/produit\/ino27jspffs\/","name":"INO27JSPFFS - Iomabe","isPartOf":{"@id":"https:\/\/www.iomabe.eu\/#website"},"primaryImageOfPage":{"@id":"https:\/\/www.iomabe.eu\/fr\/produit\/ino27jspffs\/#primaryimage"},"image":{"@id":"https:\/\/www.iomabe.eu\/fr\/produit\/ino27jspffs\/#primaryimage"},"thumbnailUrl":"https:\/\/www.iomabe.eu\/wp-content\/uploads\/Image_INO27JSPFFS_1.jpg","datePublished":"2022-04-05T07:48:33+00:00","dateModified":"2022-06-15T10:30:01+00:00","breadcrumb":{"@id":"https:\/\/www.iomabe.eu\/fr\/produit\/ino27jspffs\/#breadcrumb"},"inLanguage":"fr-FR","potentialAction":[{"@type":"ReadAction","target":["https:\/\/www.iomabe.eu\/fr\/produit\/ino27jspffs\/"]}]},{"@type":"ImageObject","inLanguage":"fr-FR","@id":"https:\/\/www.iomabe.eu\/fr\/produit\/ino27jspffs\/#primaryimage","url":"https:\/\/www.iomabe.eu\/wp-content\/uploads\/Image_INO27JSPFFS_1.jpg","contentUrl":"https:\/\/www.iomabe.eu\/wp-content\/uploads\/Image_INO27JSPFFS_1.jpg","width":450,"height":450},{"@type":"BreadcrumbList","@id":"https:\/\/www.iomabe.eu\/fr\/produit\/ino27jspffs\/#breadcrumb","itemListElement":[{"@type":"ListItem","position":1,"name":"Home","item":"https:\/\/www.iomabe.eu\/fr\/"},{"@type":"ListItem","position":2,"name":"Boutique","item":"https:\/\/www.iomabe.eu\/fr\/boutique\/"},{"@type":"ListItem","position":3,"name":"INO27JSPFFS"}]},{"@type":"WebSite","@id":"https:\/\/www.iomabe.eu\/#website","url":"https:\/\/www.iomabe.eu\/","name":"Iomabe","description":"","potentialAction":[{"@type":"SearchAction","target":{"@type":"EntryPoint","urlTemplate":"https:\/\/www.iomabe.eu\/?s={search_term_string}"},"query-input":{"@type":"PropertyValueSpecification","valueRequired":true,"valueName":"search_term_string"}}],"inLanguage":"fr-FR"}]}},"_links":{"self":[{"href":"https:\/\/www.iomabe.eu\/fr\/wp-json\/wp\/v2\/product\/3130","targetHints":{"allow":["GET"]}}],"collection":[{"href":"https:\/\/www.iomabe.eu\/fr\/wp-json\/wp\/v2\/product"}],"about":[{"href":"https:\/\/www.iomabe.eu\/fr\/wp-json\/wp\/v2\/types\/product"}],"replies":[{"embeddable":true,"href":"https:\/\/www.iomabe.eu\/fr\/wp-json\/wp\/v2\/comments?post=3130"}],"wp:featuredmedia":[{"embeddable":true,"href":"https:\/\/www.iomabe.eu\/fr\/wp-json\/wp\/v2\/media\/1223"}],"wp:attachment":[{"href":"https:\/\/www.iomabe.eu\/fr\/wp-json\/wp\/v2\/media?parent=3130"}],"wp:term":[{"taxonomy":"product_brand","embeddable":true,"href":"https:\/\/www.iomabe.eu\/fr\/wp-json\/wp\/v2\/product_brand?post=3130"},{"taxonomy":"product_cat","embeddable":true,"href":"https:\/\/www.iomabe.eu\/fr\/wp-json\/wp\/v2\/product_cat?post=3130"},{"taxonomy":"product_tag","embeddable":true,"href":"https:\/\/www.iomabe.eu\/fr\/wp-json\/wp\/v2\/product_tag?post=3130"}],"curies":[{"name":"wp","href":"https:\/\/api.w.org\/{rel}","templated":true}]}}