{"id":3616,"date":"2022-04-05T10:15:34","date_gmt":"2022-04-05T08:15:34","guid":{"rendered":"http:\/\/www.vanoo30.nl\/product\/iwo19jspfss\/"},"modified":"2024-01-19T15:21:25","modified_gmt":"2024-01-19T14:21:25","slug":"iwo19jspfss","status":"publish","type":"product","link":"https:\/\/www.iomabe.eu\/de\/produkt\/iwo19jspfss\/","title":{"rendered":"IWO19JSPFSS"},"content":{"rendered":"<div style=\"text-align: center;\"><a style=\"text-decoration: underline; font-weight: bold;\" href=\"\/wp-content\/uploads\/DE_productsheet_-IWO19JSPFSS.pdf\" target=\"_blank\" rel=\"noopener noreferrer\"><img loading=\"lazy\" decoding=\"async\" class=\"alignnone\" style=\"width: 50%; margin: 0 auto;\" src=\"\/wp-content\/uploads\/Button-productsheet_duits.jpg\" alt=\"\" width=\"505\" height=\"111\" \/><\/a><br \/>\n<a style=\"text-decoration: underline; font-weight: bold;\" href=\"\/wp-content\/uploads\/Energy-Label-IWO19JSPFSS.jpg\" target=\"_blank\" rel=\"noopener noreferrer\"><img decoding=\"async\" style=\"width: 50%; margin: 0 auto;\" src=\"\/wp-content\/uploads\/Energylabel_Duits.jpg\" \/><\/a><\/div>\n","protected":false},"excerpt":{"rendered":"<ul>\n<li>Freistehend oder Standard Einbau<br \/>\nT\u00fcren Edelstahl<\/li>\n<li>Anthrazitfarbene Seiten (Lederstruktur)<\/li>\n<li>Edelstahl Design Griffe<\/li>\n<li>Wasserspender (intern)<\/li>\n<li>Wasserfilter GE SmartWater (intern)<\/li>\n<li>Automatische Eismachine (intern)<\/li>\n<li>Delikatessenschublade mit<br \/>\nregulierbarer Temperatur<\/li>\n<li>2x Gem\u00fcse- und Obstschubfach mit<br \/>\nregulierbarer Luftfeuchtigkeit<\/li>\n<li>NoFrost &amp; ClimateKeeper Technolgy<\/li>\n<li>Sabbat-Modus &amp; TurboCool<\/li>\n<li>263 kWh\/a \u2013 Energieeffizienzklasse E<\/li>\n<\/ul>\n<p><a style=\"text-decoration: underline; font-weight: bold;\" href=\"\/de\/store-locator\/\" target=\"_blank\" rel=\"noopener noreferrer\"><img decoding=\"async\" style=\"float: margin-bottom: 20px !important; left; width: 50%;\" src=\"\/wp-content\/uploads\/Button_Store-locator_Iomabe.jpg\" \/><\/a><\/p>\n<p><img decoding=\"async\" style=\"float: left; width: 45px; height: 45px; margin-right: 20px;\" src=\"\/wp-content\/uploads\/Afmeting_83.5.svg\" \/><img decoding=\"async\" style=\"float: left; width: 45px; height: 45px; margin-right: 20px; margin-bottom: 20px;\" src=\"\/wp-content\/uploads\/Inhoud_527L.svg\" \/><\/p>\n<table class=\"product-tabel\" cellspacing=\"10\">\n<tbody>\n<tr>\n<td><b>Model<\/b><\/td>\n<td class=\"product-middle tabel-move\"><b>IWO19JSPFSS<\/b><\/td>\n<\/tr>\n<tr>\n<td>1. H\u00f6he bis Schrankoberkante<\/td>\n<td class=\"product-middle tabel-move\">1742<\/td>\n<\/tr>\n<tr>\n<td>2. H\u00f6he bis oberes Scharnier<\/td>\n<td class=\"product-middle tabel-move\">1774<\/td>\n<\/tr>\n<tr>\n<td>3. H\u00f6he bis T\u00fcroberkante<\/td>\n<td class=\"product-middle tabel-move\">1775<\/td>\n<\/tr>\n<tr>\n<td>4. Schranktiefe ohne T\u00fcr<\/td>\n<td class=\"product-middle tabel-move\">613<\/td>\n<\/tr>\n<tr>\n<td>5. Tiefe ohne Griff<\/td>\n<td class=\"product-middle tabel-move\">734<\/td>\n<\/tr>\n<tr>\n<td>6. Tiefe einschl. Griff<\/td>\n<td class=\"product-middle tabel-move\">785<\/td>\n<\/tr>\n<tr>\n<td>7. Gesamttiefe mit um 90\u00b0 ge\u00f6ffneter T\u00fcr<\/td>\n<td class=\"product-middle tabel-move\">1066<\/td>\n<\/tr>\n<tr>\n<td>8. Breite<\/td>\n<td class=\"product-middle tabel-move\">840<\/td>\n<\/tr>\n<tr>\n<td><strong>Wandnischenabmessungen<\/strong><\/td>\n<td class=\"product-middle\" colspan=\"3\"><\/td>\n<\/tr>\n<tr>\n<td>A. Nischenbreite<\/td>\n<td class=\"product-middle tabel-move\">845<\/td>\n<\/tr>\n<tr>\n<td>B. Nischentiefe<\/td>\n<td class=\"product-middle tabel-move\">632<\/td>\n<\/tr>\n<tr>\n<td>C. Nischenh\u00f6he<\/td>\n<td class=\"product-middle tabel-move\">1785<\/td>\n<\/tr>\n<\/tbody>\n<\/table>\n<p><img decoding=\"async\" style=\"float: left;\" src=\"\/wp-content\/uploads\/Afmetingen.png\" \/><\/p>\n","protected":false},"featured_media":1249,"comment_status":"closed","ping_status":"closed","template":"","meta":{"inline_featured_image":false},"product_brand":[],"product_cat":[172],"product_tag":[],"class_list":{"0":"post-3616","1":"product","2":"type-product","3":"status-publish","4":"has-post-thumbnail","6":"product_cat-bottom-freezer-de","8":"first","9":"instock","10":"shipping-taxable","11":"product-type-simple"},"yoast_head":"<!-- This site is optimized with the Yoast SEO plugin v24.5 - https:\/\/yoast.com\/wordpress\/plugins\/seo\/ -->\n<title>IWO19JSPFSS - Iomabe<\/title>\n<meta name=\"robots\" content=\"index, follow, max-snippet:-1, max-image-preview:large, max-video-preview:-1\" \/>\n<link rel=\"canonical\" href=\"https:\/\/www.iomabe.eu\/de\/produkt\/iwo19jspfss\/\" \/>\n<meta property=\"og:locale\" content=\"de_DE\" \/>\n<meta property=\"og:type\" content=\"article\" \/>\n<meta property=\"og:title\" content=\"IWO19JSPFSS - Iomabe\" \/>\n<meta property=\"og:description\" content=\"Freistehend oder Standard Einbau T\u00fcren Edelstahl  Anthrazitfarbene Seiten (Lederstruktur)  Edelstahl Design Griffe  Wasserspender (intern)  Wasserfilter GE SmartWater (intern)  Automatische Eismachine (intern)  Delikatessenschublade mit regulierbarer Temperatur  2x Gem\u00fcse- und Obstschubfach mit regulierbarer Luftfeuchtigkeit  NoFrost &amp; ClimateKeeper Technolgy  Sabbat-Modus &amp; TurboCool  263 kWh\/a \u2013 Energieeffizienzklasse E        Model IWO19JSPFSS   1. H\u00f6he bis Schrankoberkante 1742   2. H\u00f6he bis oberes Scharnier 1774   3. H\u00f6he bis T\u00fcroberkante 1775   4. Schranktiefe ohne T\u00fcr 613   5. Tiefe ohne Griff 734   6. Tiefe einschl. Griff 785   7. Gesamttiefe mit um 90\u00b0 ge\u00f6ffneter T\u00fcr 1066   8. Breite 840   Wandnischenabmessungen    A. Nischenbreite 845   B. Nischentiefe 632   C. Nischenh\u00f6he 1785\" \/>\n<meta property=\"og:url\" content=\"https:\/\/www.iomabe.eu\/de\/produkt\/iwo19jspfss\/\" \/>\n<meta property=\"og:site_name\" content=\"Iomabe\" \/>\n<meta property=\"article:modified_time\" content=\"2024-01-19T14:21:25+00:00\" \/>\n<meta property=\"og:image\" content=\"https:\/\/www.iomabe.eu\/wp-content\/uploads\/Image_IWO19JSPFSS_1.jpg\" \/>\n\t<meta property=\"og:image:width\" content=\"450\" \/>\n\t<meta property=\"og:image:height\" content=\"450\" \/>\n\t<meta property=\"og:image:type\" content=\"image\/jpeg\" \/>\n<meta name=\"twitter:card\" content=\"summary_large_image\" \/>\n<meta name=\"twitter:label1\" content=\"Gesch\u00e4tzte Lesezeit\" \/>\n\t<meta name=\"twitter:data1\" content=\"1\u00a0Minute\" \/>\n<script type=\"application\/ld+json\" class=\"yoast-schema-graph\">{\"@context\":\"https:\/\/schema.org\",\"@graph\":[{\"@type\":\"WebPage\",\"@id\":\"https:\/\/www.iomabe.eu\/de\/produkt\/iwo19jspfss\/\",\"url\":\"https:\/\/www.iomabe.eu\/de\/produkt\/iwo19jspfss\/\",\"name\":\"IWO19JSPFSS - Iomabe\",\"isPartOf\":{\"@id\":\"https:\/\/www.iomabe.eu\/#website\"},\"primaryImageOfPage\":{\"@id\":\"https:\/\/www.iomabe.eu\/de\/produkt\/iwo19jspfss\/#primaryimage\"},\"image\":{\"@id\":\"https:\/\/www.iomabe.eu\/de\/produkt\/iwo19jspfss\/#primaryimage\"},\"thumbnailUrl\":\"https:\/\/www.iomabe.eu\/wp-content\/uploads\/Image_IWO19JSPFSS_1.jpg\",\"datePublished\":\"2022-04-05T08:15:34+00:00\",\"dateModified\":\"2024-01-19T14:21:25+00:00\",\"breadcrumb\":{\"@id\":\"https:\/\/www.iomabe.eu\/de\/produkt\/iwo19jspfss\/#breadcrumb\"},\"inLanguage\":\"de\",\"potentialAction\":[{\"@type\":\"ReadAction\",\"target\":[\"https:\/\/www.iomabe.eu\/de\/produkt\/iwo19jspfss\/\"]}]},{\"@type\":\"ImageObject\",\"inLanguage\":\"de\",\"@id\":\"https:\/\/www.iomabe.eu\/de\/produkt\/iwo19jspfss\/#primaryimage\",\"url\":\"https:\/\/www.iomabe.eu\/wp-content\/uploads\/Image_IWO19JSPFSS_1.jpg\",\"contentUrl\":\"https:\/\/www.iomabe.eu\/wp-content\/uploads\/Image_IWO19JSPFSS_1.jpg\",\"width\":450,\"height\":450},{\"@type\":\"BreadcrumbList\",\"@id\":\"https:\/\/www.iomabe.eu\/de\/produkt\/iwo19jspfss\/#breadcrumb\",\"itemListElement\":[{\"@type\":\"ListItem\",\"position\":1,\"name\":\"Home\",\"item\":\"https:\/\/www.iomabe.eu\/de\/\"},{\"@type\":\"ListItem\",\"position\":2,\"name\":\"Shop\",\"item\":\"https:\/\/www.iomabe.eu\/de\/shop\/\"},{\"@type\":\"ListItem\",\"position\":3,\"name\":\"IWO19JSPFSS\"}]},{\"@type\":\"WebSite\",\"@id\":\"https:\/\/www.iomabe.eu\/#website\",\"url\":\"https:\/\/www.iomabe.eu\/\",\"name\":\"Iomabe\",\"description\":\"\",\"potentialAction\":[{\"@type\":\"SearchAction\",\"target\":{\"@type\":\"EntryPoint\",\"urlTemplate\":\"https:\/\/www.iomabe.eu\/?s={search_term_string}\"},\"query-input\":{\"@type\":\"PropertyValueSpecification\",\"valueRequired\":true,\"valueName\":\"search_term_string\"}}],\"inLanguage\":\"de\"}]}<\/script>\n<!-- \/ Yoast SEO plugin. -->","yoast_head_json":{"title":"IWO19JSPFSS - Iomabe","robots":{"index":"index","follow":"follow","max-snippet":"max-snippet:-1","max-image-preview":"max-image-preview:large","max-video-preview":"max-video-preview:-1"},"canonical":"https:\/\/www.iomabe.eu\/de\/produkt\/iwo19jspfss\/","og_locale":"de_DE","og_type":"article","og_title":"IWO19JSPFSS - Iomabe","og_description":"Freistehend oder Standard Einbau T\u00fcren Edelstahl  Anthrazitfarbene Seiten (Lederstruktur)  Edelstahl Design Griffe  Wasserspender (intern)  Wasserfilter GE SmartWater (intern)  Automatische Eismachine (intern)  Delikatessenschublade mit regulierbarer Temperatur  2x Gem\u00fcse- und Obstschubfach mit regulierbarer Luftfeuchtigkeit  NoFrost &amp; ClimateKeeper Technolgy  Sabbat-Modus &amp; TurboCool  263 kWh\/a \u2013 Energieeffizienzklasse E        Model IWO19JSPFSS   1. H\u00f6he bis Schrankoberkante 1742   2. H\u00f6he bis oberes Scharnier 1774   3. H\u00f6he bis T\u00fcroberkante 1775   4. Schranktiefe ohne T\u00fcr 613   5. Tiefe ohne Griff 734   6. Tiefe einschl. Griff 785   7. Gesamttiefe mit um 90\u00b0 ge\u00f6ffneter T\u00fcr 1066   8. Breite 840   Wandnischenabmessungen    A. Nischenbreite 845   B. Nischentiefe 632   C. Nischenh\u00f6he 1785","og_url":"https:\/\/www.iomabe.eu\/de\/produkt\/iwo19jspfss\/","og_site_name":"Iomabe","article_modified_time":"2024-01-19T14:21:25+00:00","og_image":[{"width":450,"height":450,"url":"https:\/\/www.iomabe.eu\/wp-content\/uploads\/Image_IWO19JSPFSS_1.jpg","type":"image\/jpeg"}],"twitter_card":"summary_large_image","twitter_misc":{"Gesch\u00e4tzte Lesezeit":"1\u00a0Minute"},"schema":{"@context":"https:\/\/schema.org","@graph":[{"@type":"WebPage","@id":"https:\/\/www.iomabe.eu\/de\/produkt\/iwo19jspfss\/","url":"https:\/\/www.iomabe.eu\/de\/produkt\/iwo19jspfss\/","name":"IWO19JSPFSS - Iomabe","isPartOf":{"@id":"https:\/\/www.iomabe.eu\/#website"},"primaryImageOfPage":{"@id":"https:\/\/www.iomabe.eu\/de\/produkt\/iwo19jspfss\/#primaryimage"},"image":{"@id":"https:\/\/www.iomabe.eu\/de\/produkt\/iwo19jspfss\/#primaryimage"},"thumbnailUrl":"https:\/\/www.iomabe.eu\/wp-content\/uploads\/Image_IWO19JSPFSS_1.jpg","datePublished":"2022-04-05T08:15:34+00:00","dateModified":"2024-01-19T14:21:25+00:00","breadcrumb":{"@id":"https:\/\/www.iomabe.eu\/de\/produkt\/iwo19jspfss\/#breadcrumb"},"inLanguage":"de","potentialAction":[{"@type":"ReadAction","target":["https:\/\/www.iomabe.eu\/de\/produkt\/iwo19jspfss\/"]}]},{"@type":"ImageObject","inLanguage":"de","@id":"https:\/\/www.iomabe.eu\/de\/produkt\/iwo19jspfss\/#primaryimage","url":"https:\/\/www.iomabe.eu\/wp-content\/uploads\/Image_IWO19JSPFSS_1.jpg","contentUrl":"https:\/\/www.iomabe.eu\/wp-content\/uploads\/Image_IWO19JSPFSS_1.jpg","width":450,"height":450},{"@type":"BreadcrumbList","@id":"https:\/\/www.iomabe.eu\/de\/produkt\/iwo19jspfss\/#breadcrumb","itemListElement":[{"@type":"ListItem","position":1,"name":"Home","item":"https:\/\/www.iomabe.eu\/de\/"},{"@type":"ListItem","position":2,"name":"Shop","item":"https:\/\/www.iomabe.eu\/de\/shop\/"},{"@type":"ListItem","position":3,"name":"IWO19JSPFSS"}]},{"@type":"WebSite","@id":"https:\/\/www.iomabe.eu\/#website","url":"https:\/\/www.iomabe.eu\/","name":"Iomabe","description":"","potentialAction":[{"@type":"SearchAction","target":{"@type":"EntryPoint","urlTemplate":"https:\/\/www.iomabe.eu\/?s={search_term_string}"},"query-input":{"@type":"PropertyValueSpecification","valueRequired":true,"valueName":"search_term_string"}}],"inLanguage":"de"}]}},"_links":{"self":[{"href":"https:\/\/www.iomabe.eu\/de\/wp-json\/wp\/v2\/product\/3616","targetHints":{"allow":["GET"]}}],"collection":[{"href":"https:\/\/www.iomabe.eu\/de\/wp-json\/wp\/v2\/product"}],"about":[{"href":"https:\/\/www.iomabe.eu\/de\/wp-json\/wp\/v2\/types\/product"}],"replies":[{"embeddable":true,"href":"https:\/\/www.iomabe.eu\/de\/wp-json\/wp\/v2\/comments?post=3616"}],"wp:featuredmedia":[{"embeddable":true,"href":"https:\/\/www.iomabe.eu\/de\/wp-json\/wp\/v2\/media\/1249"}],"wp:attachment":[{"href":"https:\/\/www.iomabe.eu\/de\/wp-json\/wp\/v2\/media?parent=3616"}],"wp:term":[{"taxonomy":"product_brand","embeddable":true,"href":"https:\/\/www.iomabe.eu\/de\/wp-json\/wp\/v2\/product_brand?post=3616"},{"taxonomy":"product_cat","embeddable":true,"href":"https:\/\/www.iomabe.eu\/de\/wp-json\/wp\/v2\/product_cat?post=3616"},{"taxonomy":"product_tag","embeddable":true,"href":"https:\/\/www.iomabe.eu\/de\/wp-json\/wp\/v2\/product_tag?post=3616"}],"curies":[{"name":"wp","href":"https:\/\/api.w.org\/{rel}","templated":true}]}}