{"id":3608,"date":"2022-04-05T09:48:33","date_gmt":"2022-04-05T07:48:33","guid":{"rendered":"http:\/\/www.vanoo30.nl\/product\/ino27jspffs\/"},"modified":"2022-06-15T12:21:59","modified_gmt":"2022-06-15T10:21:59","slug":"ino27jspffs","status":"publish","type":"product","link":"https:\/\/www.iomabe.eu\/de\/produkt\/ino27jspffs\/","title":{"rendered":"INO27JSPFFS"},"content":{"rendered":"<div style=\"text-align: center;\"><a style=\"text-decoration: underline; font-weight: bold;\" href=\"\/wp-content\/uploads\/DE_productsheet_-INO27JSPFFS.pdf\" target=\"_blank\" rel=\"noopener noreferrer\"><img loading=\"lazy\" decoding=\"async\" class=\"alignnone\" style=\"width: 50%; margin: 0 auto;\" src=\"\/wp-content\/uploads\/Button-productsheet_duits.jpg\" alt=\"\" width=\"505\" height=\"111\" \/><\/a><br \/>\n<a style=\"text-decoration: underline; font-weight: bold;\" href=\"\/wp-content\/uploads\/Energy-Label-INO27JSPFFS.jpg\" target=\"_blank\" rel=\"noopener noreferrer\"><img decoding=\"async\" style=\"width: 50%; margin: 0 auto;\" src=\"\/wp-content\/uploads\/Energylabel_Duits.jpg\" \/><\/a><\/div>\n","protected":false},"excerpt":{"rendered":"<ul>\n<li>Freistehend oder Standard Einbau<\/li>\n<li>T\u00fcren Edelstahl<br \/>\nAnthrazitfarbene Seiten (Lederstruktur)<\/li>\n<li>Edelstahl Design Griffe<\/li>\n<li>Wasserspender (intern)<\/li>\n<li>Wasserfilter GE SmartWater (intern)<\/li>\n<li>Automatische Eismachine (intern)<\/li>\n<li>Delikatessenschublade mit<br \/>\nregulierbarer Temperatur<\/li>\n<li>2x Gem\u00fcse- und Obstschubfach mit<br \/>\nregulierbarer Luftfeuchtigkeit<\/li>\n<li>NoFrost &amp; ClimateKeeper Technolgy<\/li>\n<li>Sabbat Mode &amp; TurboCool<\/li>\n<li>302 kWh\/a \u2013 Energieeffizienzklasse E<\/li>\n<\/ul>\n<p><a style=\"text-decoration: underline; font-weight: bold;\" href=\"\/de\/store-locator\/\" target=\"_blank\" rel=\"noopener noreferrer\"><img decoding=\"async\" style=\"float: margin-bottom: 20px !important; left; width: 50%;\" src=\"\/wp-content\/uploads\/Button_Store-locator_Iomabe.jpg\" \/><\/a><\/p>\n<p><img decoding=\"async\" style=\"float: left; width: 45px; height: 45px; margin-right: 20px;\" src=\"\/wp-content\/uploads\/Afmeting_90.9.svg\" \/><img decoding=\"async\" style=\"float: left; width: 45px; height: 45px; margin-right: 20px !important; margin-bottom: 20px;\" src=\"\/wp-content\/uploads\/Inhoud_769L.svg\" \/><\/p>\n<table class=\"product-tabel\" cellspacing=\"10\">\n<tbody>\n<tr>\n<td><b>Model<\/b><\/td>\n<td class=\"product-middle tabel-move\"><b>INO27JSPFFS<\/b><\/td>\n<\/tr>\n<tr>\n<td>1. H\u00f6he bis Schrankoberkante<\/td>\n<td class=\"product-middle tabel-move\">1742<\/td>\n<\/tr>\n<tr>\n<td>2. H\u00f6he bis oberes Scharnier<\/td>\n<td class=\"product-middle tabel-move\">1774<\/td>\n<\/tr>\n<tr>\n<td>3. H\u00f6he bis T\u00fcroberkante<\/td>\n<td class=\"product-middle tabel-move\">1775<\/td>\n<\/tr>\n<tr>\n<td>4. Schranktiefe ohne T\u00fcr<\/td>\n<td class=\"product-middle tabel-move\">758<\/td>\n<\/tr>\n<tr>\n<td>5. Tiefe ohne Griff<\/td>\n<td class=\"product-middle tabel-move\">863<\/td>\n<\/tr>\n<tr>\n<td>6. Tiefe einschl. Griff<\/td>\n<td class=\"product-middle tabel-move\">930<\/td>\n<\/tr>\n<tr>\n<td>7. Gesamttiefe mit um 90\u00b0 ge\u00f6ffneter T\u00fcr<\/td>\n<td class=\"product-middle tabel-move\">1244<\/td>\n<\/tr>\n<tr>\n<td>8. Breite<\/td>\n<td class=\"product-middle tabel-move\">909<\/td>\n<\/tr>\n<tr>\n<td><strong>Wandnischenabmessungen<\/strong><\/td>\n<td class=\"product-middle\" colspan=\"3\"><\/td>\n<\/tr>\n<tr>\n<td>A. Nischenbreite<\/td>\n<td class=\"product-middle tabel-move\">915<\/td>\n<\/tr>\n<tr>\n<td>B. Nischentiefe<\/td>\n<td class=\"product-middle tabel-move\">764<\/td>\n<\/tr>\n<tr>\n<td>C. Nischenh\u00f6he<\/td>\n<td class=\"product-middle tabel-move\">1785<\/td>\n<\/tr>\n<\/tbody>\n<\/table>\n<p><img decoding=\"async\" src=\"\/wp-content\/uploads\/Afmetingen.png\" \/><\/p>\n","protected":false},"featured_media":1224,"comment_status":"closed","ping_status":"closed","template":"","meta":{"inline_featured_image":false},"product_brand":[],"product_cat":[172],"product_tag":[],"class_list":{"0":"post-3608","1":"product","2":"type-product","3":"status-publish","4":"has-post-thumbnail","6":"product_cat-bottom-freezer-de","8":"first","9":"instock","10":"shipping-taxable","11":"product-type-simple"},"yoast_head":"<!-- This site is optimized with the Yoast SEO plugin v24.5 - https:\/\/yoast.com\/wordpress\/plugins\/seo\/ -->\n<title>INO27JSPFFS - Iomabe<\/title>\n<meta name=\"robots\" content=\"index, follow, max-snippet:-1, max-image-preview:large, max-video-preview:-1\" \/>\n<link rel=\"canonical\" href=\"https:\/\/www.iomabe.eu\/de\/produkt\/ino27jspffs\/\" \/>\n<meta property=\"og:locale\" content=\"de_DE\" \/>\n<meta property=\"og:type\" content=\"article\" \/>\n<meta property=\"og:title\" content=\"INO27JSPFFS - Iomabe\" \/>\n<meta property=\"og:description\" content=\"Freistehend oder Standard Einbau  T\u00fcren Edelstahl Anthrazitfarbene Seiten (Lederstruktur)  Edelstahl Design Griffe  Wasserspender (intern)  Wasserfilter GE SmartWater (intern)  Automatische Eismachine (intern)  Delikatessenschublade mit regulierbarer Temperatur  2x Gem\u00fcse- und Obstschubfach mit regulierbarer Luftfeuchtigkeit  NoFrost &amp; ClimateKeeper Technolgy  Sabbat Mode &amp; TurboCool  302 kWh\/a \u2013 Energieeffizienzklasse E        Model INO27JSPFFS   1. H\u00f6he bis Schrankoberkante 1742   2. H\u00f6he bis oberes Scharnier 1774   3. H\u00f6he bis T\u00fcroberkante 1775   4. Schranktiefe ohne T\u00fcr 758   5. Tiefe ohne Griff 863   6. Tiefe einschl. Griff 930   7. Gesamttiefe mit um 90\u00b0 ge\u00f6ffneter T\u00fcr 1244   8. Breite 909   Wandnischenabmessungen    A. Nischenbreite 915   B. Nischentiefe 764   C. Nischenh\u00f6he 1785\" \/>\n<meta property=\"og:url\" content=\"https:\/\/www.iomabe.eu\/de\/produkt\/ino27jspffs\/\" \/>\n<meta property=\"og:site_name\" content=\"Iomabe\" \/>\n<meta property=\"article:modified_time\" content=\"2022-06-15T10:21:59+00:00\" \/>\n<meta property=\"og:image\" content=\"https:\/\/www.iomabe.eu\/wp-content\/uploads\/Image_INO27JSPFFS_1.jpg\" \/>\n\t<meta property=\"og:image:width\" content=\"450\" \/>\n\t<meta property=\"og:image:height\" content=\"450\" \/>\n\t<meta property=\"og:image:type\" content=\"image\/jpeg\" \/>\n<meta name=\"twitter:card\" content=\"summary_large_image\" \/>\n<script type=\"application\/ld+json\" class=\"yoast-schema-graph\">{\"@context\":\"https:\/\/schema.org\",\"@graph\":[{\"@type\":\"WebPage\",\"@id\":\"https:\/\/www.iomabe.eu\/de\/produkt\/ino27jspffs\/\",\"url\":\"https:\/\/www.iomabe.eu\/de\/produkt\/ino27jspffs\/\",\"name\":\"INO27JSPFFS - Iomabe\",\"isPartOf\":{\"@id\":\"https:\/\/www.iomabe.eu\/#website\"},\"primaryImageOfPage\":{\"@id\":\"https:\/\/www.iomabe.eu\/de\/produkt\/ino27jspffs\/#primaryimage\"},\"image\":{\"@id\":\"https:\/\/www.iomabe.eu\/de\/produkt\/ino27jspffs\/#primaryimage\"},\"thumbnailUrl\":\"https:\/\/www.iomabe.eu\/wp-content\/uploads\/Image_INO27JSPFFS_1.jpg\",\"datePublished\":\"2022-04-05T07:48:33+00:00\",\"dateModified\":\"2022-06-15T10:21:59+00:00\",\"breadcrumb\":{\"@id\":\"https:\/\/www.iomabe.eu\/de\/produkt\/ino27jspffs\/#breadcrumb\"},\"inLanguage\":\"de\",\"potentialAction\":[{\"@type\":\"ReadAction\",\"target\":[\"https:\/\/www.iomabe.eu\/de\/produkt\/ino27jspffs\/\"]}]},{\"@type\":\"ImageObject\",\"inLanguage\":\"de\",\"@id\":\"https:\/\/www.iomabe.eu\/de\/produkt\/ino27jspffs\/#primaryimage\",\"url\":\"https:\/\/www.iomabe.eu\/wp-content\/uploads\/Image_INO27JSPFFS_1.jpg\",\"contentUrl\":\"https:\/\/www.iomabe.eu\/wp-content\/uploads\/Image_INO27JSPFFS_1.jpg\",\"width\":450,\"height\":450},{\"@type\":\"BreadcrumbList\",\"@id\":\"https:\/\/www.iomabe.eu\/de\/produkt\/ino27jspffs\/#breadcrumb\",\"itemListElement\":[{\"@type\":\"ListItem\",\"position\":1,\"name\":\"Home\",\"item\":\"https:\/\/www.iomabe.eu\/de\/\"},{\"@type\":\"ListItem\",\"position\":2,\"name\":\"Shop\",\"item\":\"https:\/\/www.iomabe.eu\/de\/shop\/\"},{\"@type\":\"ListItem\",\"position\":3,\"name\":\"INO27JSPFFS\"}]},{\"@type\":\"WebSite\",\"@id\":\"https:\/\/www.iomabe.eu\/#website\",\"url\":\"https:\/\/www.iomabe.eu\/\",\"name\":\"Iomabe\",\"description\":\"\",\"potentialAction\":[{\"@type\":\"SearchAction\",\"target\":{\"@type\":\"EntryPoint\",\"urlTemplate\":\"https:\/\/www.iomabe.eu\/?s={search_term_string}\"},\"query-input\":{\"@type\":\"PropertyValueSpecification\",\"valueRequired\":true,\"valueName\":\"search_term_string\"}}],\"inLanguage\":\"de\"}]}<\/script>\n<!-- \/ Yoast SEO plugin. -->","yoast_head_json":{"title":"INO27JSPFFS - Iomabe","robots":{"index":"index","follow":"follow","max-snippet":"max-snippet:-1","max-image-preview":"max-image-preview:large","max-video-preview":"max-video-preview:-1"},"canonical":"https:\/\/www.iomabe.eu\/de\/produkt\/ino27jspffs\/","og_locale":"de_DE","og_type":"article","og_title":"INO27JSPFFS - Iomabe","og_description":"Freistehend oder Standard Einbau  T\u00fcren Edelstahl Anthrazitfarbene Seiten (Lederstruktur)  Edelstahl Design Griffe  Wasserspender (intern)  Wasserfilter GE SmartWater (intern)  Automatische Eismachine (intern)  Delikatessenschublade mit regulierbarer Temperatur  2x Gem\u00fcse- und Obstschubfach mit regulierbarer Luftfeuchtigkeit  NoFrost &amp; ClimateKeeper Technolgy  Sabbat Mode &amp; TurboCool  302 kWh\/a \u2013 Energieeffizienzklasse E        Model INO27JSPFFS   1. H\u00f6he bis Schrankoberkante 1742   2. H\u00f6he bis oberes Scharnier 1774   3. H\u00f6he bis T\u00fcroberkante 1775   4. Schranktiefe ohne T\u00fcr 758   5. Tiefe ohne Griff 863   6. Tiefe einschl. Griff 930   7. Gesamttiefe mit um 90\u00b0 ge\u00f6ffneter T\u00fcr 1244   8. Breite 909   Wandnischenabmessungen    A. Nischenbreite 915   B. Nischentiefe 764   C. Nischenh\u00f6he 1785","og_url":"https:\/\/www.iomabe.eu\/de\/produkt\/ino27jspffs\/","og_site_name":"Iomabe","article_modified_time":"2022-06-15T10:21:59+00:00","og_image":[{"width":450,"height":450,"url":"https:\/\/www.iomabe.eu\/wp-content\/uploads\/Image_INO27JSPFFS_1.jpg","type":"image\/jpeg"}],"twitter_card":"summary_large_image","schema":{"@context":"https:\/\/schema.org","@graph":[{"@type":"WebPage","@id":"https:\/\/www.iomabe.eu\/de\/produkt\/ino27jspffs\/","url":"https:\/\/www.iomabe.eu\/de\/produkt\/ino27jspffs\/","name":"INO27JSPFFS - Iomabe","isPartOf":{"@id":"https:\/\/www.iomabe.eu\/#website"},"primaryImageOfPage":{"@id":"https:\/\/www.iomabe.eu\/de\/produkt\/ino27jspffs\/#primaryimage"},"image":{"@id":"https:\/\/www.iomabe.eu\/de\/produkt\/ino27jspffs\/#primaryimage"},"thumbnailUrl":"https:\/\/www.iomabe.eu\/wp-content\/uploads\/Image_INO27JSPFFS_1.jpg","datePublished":"2022-04-05T07:48:33+00:00","dateModified":"2022-06-15T10:21:59+00:00","breadcrumb":{"@id":"https:\/\/www.iomabe.eu\/de\/produkt\/ino27jspffs\/#breadcrumb"},"inLanguage":"de","potentialAction":[{"@type":"ReadAction","target":["https:\/\/www.iomabe.eu\/de\/produkt\/ino27jspffs\/"]}]},{"@type":"ImageObject","inLanguage":"de","@id":"https:\/\/www.iomabe.eu\/de\/produkt\/ino27jspffs\/#primaryimage","url":"https:\/\/www.iomabe.eu\/wp-content\/uploads\/Image_INO27JSPFFS_1.jpg","contentUrl":"https:\/\/www.iomabe.eu\/wp-content\/uploads\/Image_INO27JSPFFS_1.jpg","width":450,"height":450},{"@type":"BreadcrumbList","@id":"https:\/\/www.iomabe.eu\/de\/produkt\/ino27jspffs\/#breadcrumb","itemListElement":[{"@type":"ListItem","position":1,"name":"Home","item":"https:\/\/www.iomabe.eu\/de\/"},{"@type":"ListItem","position":2,"name":"Shop","item":"https:\/\/www.iomabe.eu\/de\/shop\/"},{"@type":"ListItem","position":3,"name":"INO27JSPFFS"}]},{"@type":"WebSite","@id":"https:\/\/www.iomabe.eu\/#website","url":"https:\/\/www.iomabe.eu\/","name":"Iomabe","description":"","potentialAction":[{"@type":"SearchAction","target":{"@type":"EntryPoint","urlTemplate":"https:\/\/www.iomabe.eu\/?s={search_term_string}"},"query-input":{"@type":"PropertyValueSpecification","valueRequired":true,"valueName":"search_term_string"}}],"inLanguage":"de"}]}},"_links":{"self":[{"href":"https:\/\/www.iomabe.eu\/de\/wp-json\/wp\/v2\/product\/3608","targetHints":{"allow":["GET"]}}],"collection":[{"href":"https:\/\/www.iomabe.eu\/de\/wp-json\/wp\/v2\/product"}],"about":[{"href":"https:\/\/www.iomabe.eu\/de\/wp-json\/wp\/v2\/types\/product"}],"replies":[{"embeddable":true,"href":"https:\/\/www.iomabe.eu\/de\/wp-json\/wp\/v2\/comments?post=3608"}],"wp:featuredmedia":[{"embeddable":true,"href":"https:\/\/www.iomabe.eu\/de\/wp-json\/wp\/v2\/media\/1224"}],"wp:attachment":[{"href":"https:\/\/www.iomabe.eu\/de\/wp-json\/wp\/v2\/media?parent=3608"}],"wp:term":[{"taxonomy":"product_brand","embeddable":true,"href":"https:\/\/www.iomabe.eu\/de\/wp-json\/wp\/v2\/product_brand?post=3608"},{"taxonomy":"product_cat","embeddable":true,"href":"https:\/\/www.iomabe.eu\/de\/wp-json\/wp\/v2\/product_cat?post=3608"},{"taxonomy":"product_tag","embeddable":true,"href":"https:\/\/www.iomabe.eu\/de\/wp-json\/wp\/v2\/product_tag?post=3608"}],"curies":[{"name":"wp","href":"https:\/\/api.w.org\/{rel}","templated":true}]}}